{"id":33,"date":"2013-12-13T10:21:50","date_gmt":"2013-12-13T10:21:50","guid":{"rendered":"https:\/\/blogs.futura-sciences.com\/luminet\/?page_id=33"},"modified":"2016-05-16T08:43:50","modified_gmt":"2016-05-16T08:43:50","slug":"qui-suis-je","status":"publish","type":"page","link":"https:\/\/blogs.futura-sciences.com\/luminet\/qui-suis-je\/","title":{"rendered":"Qui suis-je ?"},"content":{"rendered":"<p style=\"text-align: justify\">N\u00e9 dans le midi de la France, j\u2019ai pass\u00e9 une enfance contemplative, pratiquant la musique, les arts graphiques et l\u2019\u00e9criture. F\u00e9ru \u00e9galement de math\u00e9matiques et d\u2019astronomie, j\u2019ai choisi de suivre une fili\u00e8re scientifique tout en poursuivant mes activit\u00e9s artistiques et litt\u00e9raires.<\/p>\n<p><a href=\"https:\/\/blogs.futura-sciences.com\/luminet\/wp-content\/uploads\/sites\/2\/2013\/12\/image003.jpg\" rel=\"lightbox[33]\"><img loading=\"lazy\" decoding=\"async\" class=\"aligncenter size-large wp-image-34\" src=\"https:\/\/blogs.futura-sciences.com\/luminet\/wp-content\/uploads\/sites\/2\/2013\/12\/image003-1024x759.jpg\" alt=\"image003\" width=\"474\" height=\"351\" srcset=\"https:\/\/blogs.futura-sciences.com\/luminet\/wp-content\/uploads\/sites\/2\/2013\/12\/image003-1024x759.jpg 1024w, https:\/\/blogs.futura-sciences.com\/luminet\/wp-content\/uploads\/sites\/2\/2013\/12\/image003-300x222.jpg 300w, https:\/\/blogs.futura-sciences.com\/luminet\/wp-content\/uploads\/sites\/2\/2013\/12\/image003.jpg 1162w\" sizes=\"auto, (max-width: 474px) 100vw, 474px\" \/><\/a><\/p>\n<p style=\"text-align: justify\">Apr\u00e8s des \u00e9tudes universitaires \u00e0 Marseille et Montpellier, j\u2019ai pass\u00e9 ma th\u00e8se de doctorat en astrophysique \u00e0 l\u2019Universit\u00e9 de Paris en 1977, puis mon doctorat d\u2019\u00e9tat en 1985. Entr\u00e9 au C.N.R.S. en 1979, je suis depuis lors astrophysicien \u00e0 l\u2019Observatoire de Paris-Meudon. Aujourd\u2019hui directeur de recherches au sein du Laboratoire Univers et Th\u00e9ories, mes travaux scientifiques sur les trous noirs et la cosmologie m\u2019ont conf\u00e9r\u00e9 une certaine renomm\u00e9e internationale. En 2003 j\u2019ai notamment fait la une des revues scientifiques du monde entier pour ma th\u00e9orie d\u2019un univers fini et \u00ab chiffonn\u00e9 \u00bb \u00e0 forme dod\u00e9ca\u00e9drique. La petite plan\u00e8te n\u00b05523, d\u00e9couverte au Mont Palomar en 1991, porte d\u2019ailleurs mon nom en hommage \u00e0 mes travaux.<\/p>\n<p style=\"text-align: justify\">A mes activit\u00e9s de scientifique et de conf\u00e9rencier j\u2019ajoute celles d\u2019un auteur tour \u00e0 tour essayiste, romancier, po\u00e8te et sc\u00e9nariste, dans une \u0153uvre prot\u00e9iforme o\u00f9 science, histoire, musique, art et philosophie sont li\u00e9s. J\u2019ai \u00e0 ce jour publi\u00e9 une douzaine d\u2019essais, six romans et sept recueils de po\u00e8mes, traduits en une douzaine de langues, ainsi que des CD, des DVD et de nombreux documentaires pour la t\u00e9l\u00e9vision.<\/p>\n<p style=\"text-align: justify\">Tr\u00e8s investi dans les relations entre science et art, j\u2019ai maintes fois collabor\u00e9 avec divers artistes pour la conception d\u2019\u0153uvres inspir\u00e9es par les d\u00e9couvertes scientifiques, et j\u2019ai moi-m\u00eame pr\u00e9sent\u00e9 mes \u0153uvres graphiques dans plusieurs expositions internationales.<\/p>\n<p>Plus d\u2019informations bio- et bibliographiques se trouvent sur mon site web <strong><a href=\"http:\/\/luth.obspm.fr\/~luminet\/\" target=\"_blank\">http:\/\/luth.obspm.fr\/~luminet\/<\/a><\/strong> et sur Wikipedia <strong><a href=\"http:\/\/fr.wikipedia.org\/wiki\/Jean-Pierre_Luminet\" target=\"_blank\">http:\/\/fr.wikipedia.org\/wiki\/Jean-Pierre_Luminet<\/a><\/strong><\/p>\n<!-- AddThis Advanced Settings generic via filter on the_content --><!-- AddThis Share Buttons generic via filter on the_content -->","protected":false},"excerpt":{"rendered":"<p>N\u00e9 dans le midi de la France, j\u2019ai pass\u00e9 une enfance contemplative, pratiquant la musique, les arts graphiques et l\u2019\u00e9criture. F\u00e9ru \u00e9galement de math\u00e9matiques et d\u2019astronomie, j\u2019ai choisi de suivre une fili\u00e8re scientifique tout en poursuivant mes activit\u00e9s artistiques et litt\u00e9raires. Apr\u00e8s des \u00e9tudes universitaires \u00e0 Marseille et Montpellier, j\u2019ai pass\u00e9 ma th\u00e8se de doctorat &hellip; <a href=\"https:\/\/blogs.futura-sciences.com\/luminet\/qui-suis-je\/\" class=\"more-link\">Continuer la lecture de <span class=\"screen-reader-text\">Qui suis-je ?<\/span>  <span class=\"meta-nav\">&rarr;<\/span><\/a><!-- AddThis Advanced Settings generic via filter on get_the_excerpt --><!-- AddThis Share Buttons generic via filter on get_the_excerpt --><\/p>\n","protected":false},"author":1,"featured_media":0,"parent":0,"menu_order":0,"comment_status":"open","ping_status":"open","template":"","meta":{"footnotes":"","_links_to":"","_links_to_target":""},"class_list":["post-33","page","type-page","status-publish","hentry"],"yoast_head":"<!-- This site is optimized with the Yoast SEO plugin v24.1 - https:\/\/yoast.com\/wordpress\/plugins\/seo\/ -->\n<title>Qui suis-je ? - LUMINESCIENCES : le blog de Jean-Pierre LUMINET, astrophysicien<\/title>\n<meta name=\"robots\" content=\"index, follow, max-snippet:-1, max-image-preview:large, max-video-preview:-1\" \/>\n<link rel=\"canonical\" href=\"https:\/\/blogs.futura-sciences.com\/luminet\/qui-suis-je\/\" \/>\n<meta property=\"og:locale\" content=\"fr_FR\" \/>\n<meta property=\"og:type\" content=\"article\" \/>\n<meta property=\"og:title\" content=\"Qui suis-je ? - LUMINESCIENCES : le blog de Jean-Pierre LUMINET, astrophysicien\" \/>\n<meta property=\"og:description\" content=\"N\u00e9 dans le midi de la France, j\u2019ai pass\u00e9 une enfance contemplative, pratiquant la musique, les arts graphiques et l\u2019\u00e9criture. F\u00e9ru \u00e9galement de math\u00e9matiques et d\u2019astronomie, j\u2019ai choisi de suivre une fili\u00e8re scientifique tout en poursuivant mes activit\u00e9s artistiques et litt\u00e9raires. Apr\u00e8s des \u00e9tudes universitaires \u00e0 Marseille et Montpellier, j\u2019ai pass\u00e9 ma th\u00e8se de doctorat &hellip; Continuer la lecture de Qui suis-je ? &rarr;\" \/>\n<meta property=\"og:url\" content=\"https:\/\/blogs.futura-sciences.com\/luminet\/qui-suis-je\/\" \/>\n<meta property=\"og:site_name\" content=\"LUMINESCIENCES : le blog de Jean-Pierre LUMINET, astrophysicien\" \/>\n<meta property=\"article:modified_time\" content=\"2016-05-16T08:43:50+00:00\" \/>\n<meta property=\"og:image\" content=\"https:\/\/blogs.futura-sciences.com\/luminet\/wp-content\/uploads\/sites\/2\/2013\/12\/image003.jpg\" \/>\n\t<meta property=\"og:image:width\" content=\"1162\" \/>\n\t<meta property=\"og:image:height\" content=\"862\" \/>\n\t<meta property=\"og:image:type\" content=\"image\/jpeg\" \/>\n<meta name=\"twitter:card\" content=\"summary_large_image\" \/>\n<meta name=\"twitter:label1\" content=\"Dur\u00e9e de lecture estim\u00e9e\" \/>\n\t<meta name=\"twitter:data1\" content=\"2 minutes\" \/>\n<script type=\"application\/ld+json\" class=\"yoast-schema-graph\">{\"@context\":\"https:\/\/schema.org\",\"@graph\":[{\"@type\":\"WebPage\",\"@id\":\"https:\/\/blogs.futura-sciences.com\/luminet\/qui-suis-je\/\",\"url\":\"https:\/\/blogs.futura-sciences.com\/luminet\/qui-suis-je\/\",\"name\":\"Qui suis-je ? - LUMINESCIENCES : le blog de Jean-Pierre LUMINET, astrophysicien\",\"isPartOf\":{\"@id\":\"https:\/\/blogs.futura-sciences.com\/luminet\/#website\"},\"primaryImageOfPage\":{\"@id\":\"https:\/\/blogs.futura-sciences.com\/luminet\/qui-suis-je\/#primaryimage\"},\"image\":{\"@id\":\"https:\/\/blogs.futura-sciences.com\/luminet\/qui-suis-je\/#primaryimage\"},\"thumbnailUrl\":\"https:\/\/blogs.futura-sciences.com\/luminet\/wp-content\/uploads\/sites\/2\/2013\/12\/image003-1024x759.jpg\",\"datePublished\":\"2013-12-13T10:21:50+00:00\",\"dateModified\":\"2016-05-16T08:43:50+00:00\",\"inLanguage\":\"fr-FR\",\"potentialAction\":[{\"@type\":\"ReadAction\",\"target\":[\"https:\/\/blogs.futura-sciences.com\/luminet\/qui-suis-je\/\"]}]},{\"@type\":\"ImageObject\",\"inLanguage\":\"fr-FR\",\"@id\":\"https:\/\/blogs.futura-sciences.com\/luminet\/qui-suis-je\/#primaryimage\",\"url\":\"https:\/\/blogs.futura-sciences.com\/luminet\/wp-content\/uploads\/sites\/2\/2013\/12\/image003.jpg\",\"contentUrl\":\"https:\/\/blogs.futura-sciences.com\/luminet\/wp-content\/uploads\/sites\/2\/2013\/12\/image003.jpg\",\"width\":1162,\"height\":862},{\"@type\":\"WebSite\",\"@id\":\"https:\/\/blogs.futura-sciences.com\/luminet\/#website\",\"url\":\"https:\/\/blogs.futura-sciences.com\/luminet\/\",\"name\":\"LUMINESCIENCES : le blog de Jean-Pierre LUMINET, astrophysicien\",\"description\":\"J\u2019eus le vertige et je pleurai car mes yeux avaient vu cet objet secret et conjectural dont les hommes usurpent le nom, mais qu\u2019aucun homme n\u2019a regard\u00e9 : l\u2019inconcevable univers.  Jorge Luis Borges, L\u2019Aleph (1949)\",\"potentialAction\":[{\"@type\":\"SearchAction\",\"target\":{\"@type\":\"EntryPoint\",\"urlTemplate\":\"https:\/\/blogs.futura-sciences.com\/luminet\/?s={search_term_string}\"},\"query-input\":{\"@type\":\"PropertyValueSpecification\",\"valueRequired\":true,\"valueName\":\"search_term_string\"}}],\"inLanguage\":\"fr-FR\"}]}<\/script>\n<!-- \/ Yoast SEO plugin. -->","yoast_head_json":{"title":"Qui suis-je ? - LUMINESCIENCES : le blog de Jean-Pierre LUMINET, astrophysicien","robots":{"index":"index","follow":"follow","max-snippet":"max-snippet:-1","max-image-preview":"max-image-preview:large","max-video-preview":"max-video-preview:-1"},"canonical":"https:\/\/blogs.futura-sciences.com\/luminet\/qui-suis-je\/","og_locale":"fr_FR","og_type":"article","og_title":"Qui suis-je ? - LUMINESCIENCES : le blog de Jean-Pierre LUMINET, astrophysicien","og_description":"N\u00e9 dans le midi de la France, j\u2019ai pass\u00e9 une enfance contemplative, pratiquant la musique, les arts graphiques et l\u2019\u00e9criture. F\u00e9ru \u00e9galement de math\u00e9matiques et d\u2019astronomie, j\u2019ai choisi de suivre une fili\u00e8re scientifique tout en poursuivant mes activit\u00e9s artistiques et litt\u00e9raires. Apr\u00e8s des \u00e9tudes universitaires \u00e0 Marseille et Montpellier, j\u2019ai pass\u00e9 ma th\u00e8se de doctorat &hellip; Continuer la lecture de Qui suis-je ? &rarr;","og_url":"https:\/\/blogs.futura-sciences.com\/luminet\/qui-suis-je\/","og_site_name":"LUMINESCIENCES : le blog de Jean-Pierre LUMINET, astrophysicien","article_modified_time":"2016-05-16T08:43:50+00:00","og_image":[{"width":1162,"height":862,"url":"https:\/\/blogs.futura-sciences.com\/luminet\/wp-content\/uploads\/sites\/2\/2013\/12\/image003.jpg","type":"image\/jpeg"}],"twitter_card":"summary_large_image","twitter_misc":{"Dur\u00e9e de lecture estim\u00e9e":"2 minutes"},"schema":{"@context":"https:\/\/schema.org","@graph":[{"@type":"WebPage","@id":"https:\/\/blogs.futura-sciences.com\/luminet\/qui-suis-je\/","url":"https:\/\/blogs.futura-sciences.com\/luminet\/qui-suis-je\/","name":"Qui suis-je ? - LUMINESCIENCES : le blog de Jean-Pierre LUMINET, astrophysicien","isPartOf":{"@id":"https:\/\/blogs.futura-sciences.com\/luminet\/#website"},"primaryImageOfPage":{"@id":"https:\/\/blogs.futura-sciences.com\/luminet\/qui-suis-je\/#primaryimage"},"image":{"@id":"https:\/\/blogs.futura-sciences.com\/luminet\/qui-suis-je\/#primaryimage"},"thumbnailUrl":"https:\/\/blogs.futura-sciences.com\/luminet\/wp-content\/uploads\/sites\/2\/2013\/12\/image003-1024x759.jpg","datePublished":"2013-12-13T10:21:50+00:00","dateModified":"2016-05-16T08:43:50+00:00","inLanguage":"fr-FR","potentialAction":[{"@type":"ReadAction","target":["https:\/\/blogs.futura-sciences.com\/luminet\/qui-suis-je\/"]}]},{"@type":"ImageObject","inLanguage":"fr-FR","@id":"https:\/\/blogs.futura-sciences.com\/luminet\/qui-suis-je\/#primaryimage","url":"https:\/\/blogs.futura-sciences.com\/luminet\/wp-content\/uploads\/sites\/2\/2013\/12\/image003.jpg","contentUrl":"https:\/\/blogs.futura-sciences.com\/luminet\/wp-content\/uploads\/sites\/2\/2013\/12\/image003.jpg","width":1162,"height":862},{"@type":"WebSite","@id":"https:\/\/blogs.futura-sciences.com\/luminet\/#website","url":"https:\/\/blogs.futura-sciences.com\/luminet\/","name":"LUMINESCIENCES : le blog de Jean-Pierre LUMINET, astrophysicien","description":"J\u2019eus le vertige et je pleurai car mes yeux avaient vu cet objet secret et conjectural dont les hommes usurpent le nom, mais qu\u2019aucun homme n\u2019a regard\u00e9 : l\u2019inconcevable univers.  Jorge Luis Borges, L\u2019Aleph (1949)","potentialAction":[{"@type":"SearchAction","target":{"@type":"EntryPoint","urlTemplate":"https:\/\/blogs.futura-sciences.com\/luminet\/?s={search_term_string}"},"query-input":{"@type":"PropertyValueSpecification","valueRequired":true,"valueName":"search_term_string"}}],"inLanguage":"fr-FR"}]}},"_links":{"self":[{"href":"https:\/\/blogs.futura-sciences.com\/luminet\/wp-json\/wp\/v2\/pages\/33","targetHints":{"allow":["GET"]}}],"collection":[{"href":"https:\/\/blogs.futura-sciences.com\/luminet\/wp-json\/wp\/v2\/pages"}],"about":[{"href":"https:\/\/blogs.futura-sciences.com\/luminet\/wp-json\/wp\/v2\/types\/page"}],"author":[{"embeddable":true,"href":"https:\/\/blogs.futura-sciences.com\/luminet\/wp-json\/wp\/v2\/users\/1"}],"replies":[{"embeddable":true,"href":"https:\/\/blogs.futura-sciences.com\/luminet\/wp-json\/wp\/v2\/comments?post=33"}],"version-history":[{"count":3,"href":"https:\/\/blogs.futura-sciences.com\/luminet\/wp-json\/wp\/v2\/pages\/33\/revisions"}],"predecessor-version":[{"id":2346,"href":"https:\/\/blogs.futura-sciences.com\/luminet\/wp-json\/wp\/v2\/pages\/33\/revisions\/2346"}],"wp:attachment":[{"href":"https:\/\/blogs.futura-sciences.com\/luminet\/wp-json\/wp\/v2\/media?parent=33"}],"curies":[{"name":"wp","href":"https:\/\/api.w.org\/{rel}","templated":true}]}}