{"id":7,"date":"2018-02-08T12:00:27","date_gmt":"2018-02-08T11:00:27","guid":{"rendered":"https:\/\/blogs.futura-sciences.com\/lehning\/?page_id=7"},"modified":"2018-02-13T09:22:09","modified_gmt":"2018-02-13T08:22:09","slug":"pourquoi-ce-blog","status":"publish","type":"page","link":"https:\/\/blogs.futura-sciences.com\/lehning\/pourquoi-ce-blog\/","title":{"rendered":"Pourquoi ce blog ?"},"content":{"rendered":"<p>J\u2019ai plusieurs passions, la science et en particulier les math\u00e9matiques, l\u2019informatique et la cryptographie, l\u2019histoire, la litt\u00e9rature et la philosophie, l\u2019art et la photographie, la nature, la montagne et les animaux sauvages. Bien entendu, mon regard sur la nature et sur le monde en g\u00e9n\u00e9ral est teint\u00e9 de mon esprit fa\u00e7onn\u00e9 par les math\u00e9matiques, leur beaut\u00e9 et leurs \u00e9nigmes. Je conjugue ces th\u00e8mes, <em>a priori<\/em> disparates, \u00e0 travers mes livres, mes articles, mes conf\u00e9rences, mes voyages, mes photographies, mes vid\u00e9os, mes peintures et mes objets d\u2019art.<\/p>\n<figure id=\"attachment_38\" aria-describedby=\"caption-attachment-38\" style=\"width: 200px\" class=\"wp-caption aligncenter\"><img loading=\"lazy\" decoding=\"async\" class=\"wp-image-38 size-medium\" src=\"https:\/\/blogs.futura-sciences.com\/lehning\/wp-content\/uploads\/sites\/13\/2018\/02\/HL2017-Pourquoi-ce-blog-200x300.jpg\" alt=\"\" width=\"200\" height=\"300\" srcset=\"https:\/\/blogs.futura-sciences.com\/lehning\/wp-content\/uploads\/sites\/13\/2018\/02\/HL2017-Pourquoi-ce-blog-200x300.jpg 200w, https:\/\/blogs.futura-sciences.com\/lehning\/wp-content\/uploads\/sites\/13\/2018\/02\/HL2017-Pourquoi-ce-blog-768x1152.jpg 768w, https:\/\/blogs.futura-sciences.com\/lehning\/wp-content\/uploads\/sites\/13\/2018\/02\/HL2017-Pourquoi-ce-blog-683x1024.jpg 683w, https:\/\/blogs.futura-sciences.com\/lehning\/wp-content\/uploads\/sites\/13\/2018\/02\/HL2017-Pourquoi-ce-blog.jpg 1008w\" sizes=\"auto, (max-width: 200px) 100vw, 200px\" \/><figcaption id=\"caption-attachment-38\" class=\"wp-caption-text\">En 2010 \u00a9 Herv\u00e9 Lehning<\/figcaption><\/figure>\n<p>Je vous invite \u00e0 les d\u00e9couvrir \u00e0 travers ce blog comme si je vous les racontais le soir dans un refuge de haute montagne, de retour de course, comme je le fais sur la photo ci-dessus.<\/p>\n<p>L\u2019intitul\u00e9 de ce blog Math\u2019Monde, qui \u00e9voque le globe terrestre, fait r\u00e9f\u00e9rence \u00e0 cet objectif, de m\u00eame qu\u2019\u00e0 mon livre <em>Toutes les math\u00e9matiques du monde<\/em>.<\/p>\n<figure id=\"attachment_8\" aria-describedby=\"caption-attachment-8\" style=\"width: 300px\" class=\"wp-caption aligncenter\"><img loading=\"lazy\" decoding=\"async\" class=\"wp-image-8 size-medium\" src=\"https:\/\/blogs.futura-sciences.com\/lehning\/wp-content\/uploads\/sites\/13\/2018\/02\/lehning-herve-300x300.jpg\" alt=\"\" width=\"300\" height=\"300\" srcset=\"https:\/\/blogs.futura-sciences.com\/lehning\/wp-content\/uploads\/sites\/13\/2018\/02\/lehning-herve-300x300.jpg 300w, https:\/\/blogs.futura-sciences.com\/lehning\/wp-content\/uploads\/sites\/13\/2018\/02\/lehning-herve-150x150.jpg 150w, https:\/\/blogs.futura-sciences.com\/lehning\/wp-content\/uploads\/sites\/13\/2018\/02\/lehning-herve-768x768.jpg 768w, https:\/\/blogs.futura-sciences.com\/lehning\/wp-content\/uploads\/sites\/13\/2018\/02\/lehning-herve.jpg 1000w\" sizes=\"auto, (max-width: 300px) 100vw, 300px\" \/><figcaption id=\"caption-attachment-8\" class=\"wp-caption-text\">\u00a9 Flammarion et Philippe Matsas<\/figcaption><\/figure>\n<!-- AddThis Advanced Settings generic via filter on the_content --><!-- AddThis Share Buttons generic via filter on the_content -->","protected":false},"excerpt":{"rendered":"<p>J\u2019ai plusieurs passions, la science et en particulier les math\u00e9matiques, l\u2019informatique et la cryptographie, l\u2019histoire, la litt\u00e9rature et la philosophie, l\u2019art et la photographie, la nature, la montagne et les animaux sauvages. Bien entendu, mon regard sur la nature et sur le monde en g\u00e9n\u00e9ral est teint\u00e9 de mon esprit fa\u00e7onn\u00e9 par les math\u00e9matiques, leur &hellip; <a href=\"https:\/\/blogs.futura-sciences.com\/lehning\/pourquoi-ce-blog\/\" class=\"more-link\">Continuer la lecture de <span class=\"screen-reader-text\">Pourquoi ce blog ?<\/span>  <span class=\"meta-nav\">&rarr;<\/span><\/a><!-- AddThis Advanced Settings generic via filter on get_the_excerpt --><!-- AddThis Share Buttons generic via filter on get_the_excerpt --><\/p>\n","protected":false},"author":1,"featured_media":0,"parent":0,"menu_order":0,"comment_status":"closed","ping_status":"closed","template":"","meta":{"footnotes":"","_links_to":"","_links_to_target":""},"class_list":["post-7","page","type-page","status-publish","hentry"],"yoast_head":"<!-- This site is optimized with the Yoast SEO plugin v24.1 - https:\/\/yoast.com\/wordpress\/plugins\/seo\/ -->\n<title>Pourquoi ce blog ? - MATH&#039;MONDE, le blog d&#039;Herv\u00e9 LEHNING, agr\u00e9g\u00e9 de math\u00e9matiques<\/title>\n<meta name=\"robots\" content=\"index, follow, max-snippet:-1, max-image-preview:large, max-video-preview:-1\" \/>\n<link rel=\"canonical\" href=\"https:\/\/blogs.futura-sciences.com\/lehning\/pourquoi-ce-blog\/\" \/>\n<meta property=\"og:locale\" content=\"fr_FR\" \/>\n<meta property=\"og:type\" content=\"article\" \/>\n<meta property=\"og:title\" content=\"Pourquoi ce blog ? - MATH&#039;MONDE, le blog d&#039;Herv\u00e9 LEHNING, agr\u00e9g\u00e9 de math\u00e9matiques\" \/>\n<meta property=\"og:description\" content=\"J\u2019ai plusieurs passions, la science et en particulier les math\u00e9matiques, l\u2019informatique et la cryptographie, l\u2019histoire, la litt\u00e9rature et la philosophie, l\u2019art et la photographie, la nature, la montagne et les animaux sauvages. Bien entendu, mon regard sur la nature et sur le monde en g\u00e9n\u00e9ral est teint\u00e9 de mon esprit fa\u00e7onn\u00e9 par les math\u00e9matiques, leur &hellip; Continuer la lecture de Pourquoi ce blog ? &rarr;\" \/>\n<meta property=\"og:url\" content=\"https:\/\/blogs.futura-sciences.com\/lehning\/pourquoi-ce-blog\/\" \/>\n<meta property=\"og:site_name\" content=\"MATH&#039;MONDE, le blog d&#039;Herv\u00e9 LEHNING, agr\u00e9g\u00e9 de math\u00e9matiques\" \/>\n<meta property=\"article:modified_time\" content=\"2018-02-13T08:22:09+00:00\" \/>\n<meta property=\"og:image\" content=\"https:\/\/blogs.futura-sciences.com\/lehning\/wp-content\/uploads\/sites\/13\/2018\/02\/HL2017-Pourquoi-ce-blog-200x300.jpg\" \/>\n<meta name=\"twitter:card\" content=\"summary_large_image\" \/>\n<meta name=\"twitter:label1\" content=\"Dur\u00e9e de lecture estim\u00e9e\" \/>\n\t<meta name=\"twitter:data1\" content=\"1 minute\" \/>\n<script type=\"application\/ld+json\" class=\"yoast-schema-graph\">{\"@context\":\"https:\/\/schema.org\",\"@graph\":[{\"@type\":\"WebPage\",\"@id\":\"https:\/\/blogs.futura-sciences.com\/lehning\/pourquoi-ce-blog\/\",\"url\":\"https:\/\/blogs.futura-sciences.com\/lehning\/pourquoi-ce-blog\/\",\"name\":\"Pourquoi ce blog ? - MATH&#039;MONDE, le blog d&#039;Herv\u00e9 LEHNING, agr\u00e9g\u00e9 de math\u00e9matiques\",\"isPartOf\":{\"@id\":\"https:\/\/blogs.futura-sciences.com\/lehning\/#website\"},\"primaryImageOfPage\":{\"@id\":\"https:\/\/blogs.futura-sciences.com\/lehning\/pourquoi-ce-blog\/#primaryimage\"},\"image\":{\"@id\":\"https:\/\/blogs.futura-sciences.com\/lehning\/pourquoi-ce-blog\/#primaryimage\"},\"thumbnailUrl\":\"https:\/\/blogs.futura-sciences.com\/lehning\/wp-content\/uploads\/sites\/13\/2018\/02\/HL2017-Pourquoi-ce-blog-200x300.jpg\",\"datePublished\":\"2018-02-08T11:00:27+00:00\",\"dateModified\":\"2018-02-13T08:22:09+00:00\",\"breadcrumb\":{\"@id\":\"https:\/\/blogs.futura-sciences.com\/lehning\/pourquoi-ce-blog\/#breadcrumb\"},\"inLanguage\":\"fr-FR\",\"potentialAction\":[{\"@type\":\"ReadAction\",\"target\":[\"https:\/\/blogs.futura-sciences.com\/lehning\/pourquoi-ce-blog\/\"]}]},{\"@type\":\"ImageObject\",\"inLanguage\":\"fr-FR\",\"@id\":\"https:\/\/blogs.futura-sciences.com\/lehning\/pourquoi-ce-blog\/#primaryimage\",\"url\":\"https:\/\/blogs.futura-sciences.com\/lehning\/wp-content\/uploads\/sites\/13\/2018\/02\/HL2017-Pourquoi-ce-blog.jpg\",\"contentUrl\":\"https:\/\/blogs.futura-sciences.com\/lehning\/wp-content\/uploads\/sites\/13\/2018\/02\/HL2017-Pourquoi-ce-blog.jpg\",\"width\":1008,\"height\":1512},{\"@type\":\"BreadcrumbList\",\"@id\":\"https:\/\/blogs.futura-sciences.com\/lehning\/pourquoi-ce-blog\/#breadcrumb\",\"itemListElement\":[{\"@type\":\"ListItem\",\"position\":1,\"name\":\"Accueil\",\"item\":\"https:\/\/blogs.futura-sciences.com\/lehning\/\"},{\"@type\":\"ListItem\",\"position\":2,\"name\":\"Pourquoi ce blog ?\"}]},{\"@type\":\"WebSite\",\"@id\":\"https:\/\/blogs.futura-sciences.com\/lehning\/#website\",\"url\":\"https:\/\/blogs.futura-sciences.com\/lehning\/\",\"name\":\"MATH&#039;MONDE, le blog d&#039;Herv\u00e9 LEHNING, agr\u00e9g\u00e9 de math\u00e9matiques\",\"description\":\"Comment comprendre le monde moderne sans culture math\u00e9matique ? Acc\u00e9der \u00e0 celle-ci n\u2019exige cependant pas d\u2019apprendre \u00e0 r\u00e9soudre la moindre \u00e9quation.\",\"potentialAction\":[{\"@type\":\"SearchAction\",\"target\":{\"@type\":\"EntryPoint\",\"urlTemplate\":\"https:\/\/blogs.futura-sciences.com\/lehning\/?s={search_term_string}\"},\"query-input\":{\"@type\":\"PropertyValueSpecification\",\"valueRequired\":true,\"valueName\":\"search_term_string\"}}],\"inLanguage\":\"fr-FR\"}]}<\/script>\n<!-- \/ Yoast SEO plugin. -->","yoast_head_json":{"title":"Pourquoi ce blog ? - MATH&#039;MONDE, le blog d&#039;Herv\u00e9 LEHNING, agr\u00e9g\u00e9 de math\u00e9matiques","robots":{"index":"index","follow":"follow","max-snippet":"max-snippet:-1","max-image-preview":"max-image-preview:large","max-video-preview":"max-video-preview:-1"},"canonical":"https:\/\/blogs.futura-sciences.com\/lehning\/pourquoi-ce-blog\/","og_locale":"fr_FR","og_type":"article","og_title":"Pourquoi ce blog ? - MATH&#039;MONDE, le blog d&#039;Herv\u00e9 LEHNING, agr\u00e9g\u00e9 de math\u00e9matiques","og_description":"J\u2019ai plusieurs passions, la science et en particulier les math\u00e9matiques, l\u2019informatique et la cryptographie, l\u2019histoire, la litt\u00e9rature et la philosophie, l\u2019art et la photographie, la nature, la montagne et les animaux sauvages. Bien entendu, mon regard sur la nature et sur le monde en g\u00e9n\u00e9ral est teint\u00e9 de mon esprit fa\u00e7onn\u00e9 par les math\u00e9matiques, leur &hellip; Continuer la lecture de Pourquoi ce blog ? &rarr;","og_url":"https:\/\/blogs.futura-sciences.com\/lehning\/pourquoi-ce-blog\/","og_site_name":"MATH&#039;MONDE, le blog d&#039;Herv\u00e9 LEHNING, agr\u00e9g\u00e9 de math\u00e9matiques","article_modified_time":"2018-02-13T08:22:09+00:00","og_image":[{"url":"https:\/\/blogs.futura-sciences.com\/lehning\/wp-content\/uploads\/sites\/13\/2018\/02\/HL2017-Pourquoi-ce-blog-200x300.jpg","type":"","width":"","height":""}],"twitter_card":"summary_large_image","twitter_misc":{"Dur\u00e9e de lecture estim\u00e9e":"1 minute"},"schema":{"@context":"https:\/\/schema.org","@graph":[{"@type":"WebPage","@id":"https:\/\/blogs.futura-sciences.com\/lehning\/pourquoi-ce-blog\/","url":"https:\/\/blogs.futura-sciences.com\/lehning\/pourquoi-ce-blog\/","name":"Pourquoi ce blog ? - MATH&#039;MONDE, le blog d&#039;Herv\u00e9 LEHNING, agr\u00e9g\u00e9 de math\u00e9matiques","isPartOf":{"@id":"https:\/\/blogs.futura-sciences.com\/lehning\/#website"},"primaryImageOfPage":{"@id":"https:\/\/blogs.futura-sciences.com\/lehning\/pourquoi-ce-blog\/#primaryimage"},"image":{"@id":"https:\/\/blogs.futura-sciences.com\/lehning\/pourquoi-ce-blog\/#primaryimage"},"thumbnailUrl":"https:\/\/blogs.futura-sciences.com\/lehning\/wp-content\/uploads\/sites\/13\/2018\/02\/HL2017-Pourquoi-ce-blog-200x300.jpg","datePublished":"2018-02-08T11:00:27+00:00","dateModified":"2018-02-13T08:22:09+00:00","breadcrumb":{"@id":"https:\/\/blogs.futura-sciences.com\/lehning\/pourquoi-ce-blog\/#breadcrumb"},"inLanguage":"fr-FR","potentialAction":[{"@type":"ReadAction","target":["https:\/\/blogs.futura-sciences.com\/lehning\/pourquoi-ce-blog\/"]}]},{"@type":"ImageObject","inLanguage":"fr-FR","@id":"https:\/\/blogs.futura-sciences.com\/lehning\/pourquoi-ce-blog\/#primaryimage","url":"https:\/\/blogs.futura-sciences.com\/lehning\/wp-content\/uploads\/sites\/13\/2018\/02\/HL2017-Pourquoi-ce-blog.jpg","contentUrl":"https:\/\/blogs.futura-sciences.com\/lehning\/wp-content\/uploads\/sites\/13\/2018\/02\/HL2017-Pourquoi-ce-blog.jpg","width":1008,"height":1512},{"@type":"BreadcrumbList","@id":"https:\/\/blogs.futura-sciences.com\/lehning\/pourquoi-ce-blog\/#breadcrumb","itemListElement":[{"@type":"ListItem","position":1,"name":"Accueil","item":"https:\/\/blogs.futura-sciences.com\/lehning\/"},{"@type":"ListItem","position":2,"name":"Pourquoi ce blog ?"}]},{"@type":"WebSite","@id":"https:\/\/blogs.futura-sciences.com\/lehning\/#website","url":"https:\/\/blogs.futura-sciences.com\/lehning\/","name":"MATH&#039;MONDE, le blog d&#039;Herv\u00e9 LEHNING, agr\u00e9g\u00e9 de math\u00e9matiques","description":"Comment comprendre le monde moderne sans culture math\u00e9matique ? Acc\u00e9der \u00e0 celle-ci n\u2019exige cependant pas d\u2019apprendre \u00e0 r\u00e9soudre la moindre \u00e9quation.","potentialAction":[{"@type":"SearchAction","target":{"@type":"EntryPoint","urlTemplate":"https:\/\/blogs.futura-sciences.com\/lehning\/?s={search_term_string}"},"query-input":{"@type":"PropertyValueSpecification","valueRequired":true,"valueName":"search_term_string"}}],"inLanguage":"fr-FR"}]}},"_links":{"self":[{"href":"https:\/\/blogs.futura-sciences.com\/lehning\/wp-json\/wp\/v2\/pages\/7","targetHints":{"allow":["GET"]}}],"collection":[{"href":"https:\/\/blogs.futura-sciences.com\/lehning\/wp-json\/wp\/v2\/pages"}],"about":[{"href":"https:\/\/blogs.futura-sciences.com\/lehning\/wp-json\/wp\/v2\/types\/page"}],"author":[{"embeddable":true,"href":"https:\/\/blogs.futura-sciences.com\/lehning\/wp-json\/wp\/v2\/users\/1"}],"replies":[{"embeddable":true,"href":"https:\/\/blogs.futura-sciences.com\/lehning\/wp-json\/wp\/v2\/comments?post=7"}],"version-history":[{"count":3,"href":"https:\/\/blogs.futura-sciences.com\/lehning\/wp-json\/wp\/v2\/pages\/7\/revisions"}],"predecessor-version":[{"id":39,"href":"https:\/\/blogs.futura-sciences.com\/lehning\/wp-json\/wp\/v2\/pages\/7\/revisions\/39"}],"wp:attachment":[{"href":"https:\/\/blogs.futura-sciences.com\/lehning\/wp-json\/wp\/v2\/media?parent=7"}],"curies":[{"name":"wp","href":"https:\/\/api.w.org\/{rel}","templated":true}]}}