{"id":33,"date":"2013-12-13T10:21:50","date_gmt":"2013-12-13T10:21:50","guid":{"rendered":"https:\/\/blogs.futura-sciences.comdemo\/?page_id=33"},"modified":"2014-03-04T10:22:32","modified_gmt":"2014-03-04T10:22:32","slug":"qui-suis-je","status":"publish","type":"page","link":"https:\/\/blogs.futura-sciences.com\/frankel\/qui-suis-je\/","title":{"rendered":"Qui suis-je ?"},"content":{"rendered":"<p>G\u00e9ologue de formation, sp\u00e9cialiste des plan\u00e8tes et du volcanisme dans le syst\u00e8me solaire, je suis devenu au fil du temps \u00e9crivain scientifique, ce qui correspond \u00e0 mon temp\u00e9rament : croiser le plaisir de la recherche et de la communication.<\/p>\n<p>N\u00e9 \u00e0 Paris d\u2019un p\u00e8re fran\u00e7ais et d\u2019une m\u00e8re am\u00e9ricaine, j\u2019ai \u00e9galement eu la chance de pouvoir croiser deux cultures. Apr\u00e8s mon baccalaur\u00e9at en France, j\u2019ai \u00e9migr\u00e9 aux Etats-Unis pour \u00e9tudier la volcanologie et la plan\u00e9tologie. \u00c0 terme, mon plan de carri\u00e8re consistait \u00e0 rejoindre le corps des astronautes de la NASA et participer \u00e0 la conqu\u00eate de Mars.<\/p>\n<p><a href=\"https:\/\/blogs.futura-sciences.com\/frankel\/wp-content\/uploads\/sites\/7\/2013\/12\/Frankel-en-scaphandre.jpg\" rel=\"lightbox[33]\"><img loading=\"lazy\" decoding=\"async\" class=\"aligncenter size-large wp-image-57\" alt=\"SONY DSC\" src=\"https:\/\/blogs.futura-sciences.com\/frankel\/wp-content\/uploads\/sites\/7\/2013\/12\/Frankel-en-scaphandre-1024x684.jpg\" width=\"474\" height=\"316\" srcset=\"https:\/\/blogs.futura-sciences.com\/frankel\/wp-content\/uploads\/sites\/7\/2013\/12\/Frankel-en-scaphandre-1024x684.jpg 1024w, https:\/\/blogs.futura-sciences.com\/frankel\/wp-content\/uploads\/sites\/7\/2013\/12\/Frankel-en-scaphandre-300x200.jpg 300w\" sizes=\"auto, (max-width: 474px) 100vw, 474px\" \/><\/a><br \/>\nLe destin en d\u00e9cida autrement. Avec l\u2019\u00e9lection de Ronald Reagan en 1980, le programme spatial fut entra\u00een\u00e9 dans une impasse, et le vol pilot\u00e9 vers Mars rejet\u00e9 aux calendes grecques. Ce fut l\u2019occasion pour moi de prendre un peu de recul et de me consacrer \u00e0 la vulgarisation scientifique, l\u2019\u00e9criture et l\u2019audiovisuel me passionnant de longue date, le temps que le programme spatial reparte dans la bonne direction.<\/p>\n<p>J\u2019eus la chance de me trouver au beau milieu d\u2019\u00e9nigmes scientifiques fascinantes \u00e0 \u00e9tudier et \u00e0 raconter. Ce fut d\u2019abord une hypoth\u00e8se que je pr\u00e9sentai \u00e0 l\u2019Unesco en 1980, postulant que la naissance du grand rift africain et l\u2019ass\u00e8chement r\u00e9sultant du climat avaient jou\u00e9 un r\u00f4le dans l\u2019\u00e9mergence chez nos anc\u00eatres australopith\u00e8ques de la station bip\u00e8de et de l\u2019intelligence. Je pris part ensuite dans deux d\u00e9bats d\u2019avant-garde : la d\u00e9couverte qu\u2019un impact d\u2019ast\u00e9ro\u00efde \u00e9tait responsable du massacre des dinosaures \u00e0 la fin du Cr\u00e9tac\u00e9 ; et le postulat qu\u2019une forme de vie primitive existe bel et bien sur Mars, cach\u00e9e dans son sous-sol.<\/p>\n<p>La reprise de l\u2019exploration martienne, \u00e0 l\u2019aube de l\u2019an 2000, mit une fin temporaire \u00e0 mes activit\u00e9s d\u2019\u00e9crivain, car la perspective d\u2019un vol pilot\u00e9 vers la plan\u00e8te rouge se dessinait enfin \u00e0 l\u2019horizon. Ainsi, lorsque la toute naissante Mars Society, \u00e9paul\u00e9e par des membres de la NASA, mit sur pied des simulations de d\u00e9barquement sur Mars dans ses bases de l\u2019Arctique et de l\u2019Utah, je fus s\u00e9lectionn\u00e9 comme g\u00e9ologue des premi\u00e8res \u00e9quipes de travail, en 2001 et 2002. Plus tard, lorsqu\u2019il s\u2019est agi de pr\u00e9parer l\u2019\u00e9tape interm\u00e9diaire de retour sur la Lune, je fus invit\u00e9 de nouveau \u00e0 participer \u00e0 une simulation dans l\u2019Arctique avec la NASA en 2008. Une chance immense, puisqu\u2019\u00e0 d\u00e9faut d\u2019avoir r\u00e9ellement pu voyager vers les astres, j\u2019ai pu au moins en r\u00eaver debout\u2026<\/p>\n<p>Le nouveau coup d\u2019arr\u00eat des projets pilot\u00e9s vers Mars m\u2019a ramen\u00e9 sur Terre. Je me suis rabattu sur mes volcans favoris, sur la g\u00e9ologie de la France que je connaissais mal, et sur celle des terroirs viticoles, une int\u00e9ressante \u00e9chapp\u00e9e qui m\u2019a beaucoup apport\u00e9. D\u00e9sormais, lorsque j\u2019enseigne la g\u00e9ologie aux Etats-Unis (en tant que professeur associ\u00e9 \u00e0 Middlebury College), mes \u00e9tudiants entendant beaucoup parler de vin !<\/p>\n<p>Finalement, si la vie suivait une logique irr\u00e9prochable, mon destin consisterait \u00e0 planter un vignoble sur un volcan martien\u2026<\/p>\n<!-- AddThis Advanced Settings generic via filter on the_content --><!-- AddThis Share Buttons generic via filter on the_content -->","protected":false},"excerpt":{"rendered":"<p>G\u00e9ologue de formation, sp\u00e9cialiste des plan\u00e8tes et du volcanisme dans le syst\u00e8me solaire, je suis devenu au fil du temps \u00e9crivain scientifique, ce qui correspond \u00e0 mon temp\u00e9rament : croiser le plaisir de la recherche et de la communication. N\u00e9 \u00e0 Paris d\u2019un p\u00e8re fran\u00e7ais et d\u2019une m\u00e8re am\u00e9ricaine, j\u2019ai \u00e9galement eu la chance de &hellip; <a href=\"https:\/\/blogs.futura-sciences.com\/frankel\/qui-suis-je\/\" class=\"more-link\">Continuer la lecture de <span class=\"screen-reader-text\">Qui suis-je ?<\/span>  <span class=\"meta-nav\">&rarr;<\/span><\/a><!-- AddThis Advanced Settings generic via filter on get_the_excerpt --><!-- AddThis Share Buttons generic via filter on get_the_excerpt --><\/p>\n","protected":false},"author":1,"featured_media":0,"parent":0,"menu_order":0,"comment_status":"open","ping_status":"open","template":"","meta":{"footnotes":"","_links_to":"","_links_to_target":""},"class_list":["post-33","page","type-page","status-publish","hentry"],"yoast_head":"<!-- This site is optimized with the Yoast SEO plugin v24.1 - https:\/\/yoast.com\/wordpress\/plugins\/seo\/ -->\n<title>Qui suis-je ? - Carnets de bord d\u2019un martien, le blog de Charles FRANKEL, g\u00e9ologue<\/title>\n<meta name=\"robots\" content=\"index, follow, max-snippet:-1, max-image-preview:large, max-video-preview:-1\" \/>\n<link rel=\"canonical\" href=\"https:\/\/blogs.futura-sciences.com\/frankel\/qui-suis-je\/\" \/>\n<meta name=\"twitter:label1\" content=\"Dur\u00e9e de lecture estim\u00e9e\" \/>\n\t<meta name=\"twitter:data1\" content=\"3 minutes\" \/>\n<script type=\"application\/ld+json\" class=\"yoast-schema-graph\">{\"@context\":\"https:\/\/schema.org\",\"@graph\":[{\"@type\":\"WebPage\",\"@id\":\"https:\/\/blogs.futura-sciences.com\/frankel\/qui-suis-je\/\",\"url\":\"https:\/\/blogs.futura-sciences.com\/frankel\/qui-suis-je\/\",\"name\":\"Qui suis-je ? - Carnets de bord d\u2019un martien, le blog de Charles FRANKEL, g\u00e9ologue\",\"isPartOf\":{\"@id\":\"https:\/\/blogs.futura-sciences.com\/frankel\/#website\"},\"primaryImageOfPage\":{\"@id\":\"https:\/\/blogs.futura-sciences.com\/frankel\/qui-suis-je\/#primaryimage\"},\"image\":{\"@id\":\"https:\/\/blogs.futura-sciences.com\/frankel\/qui-suis-je\/#primaryimage\"},\"thumbnailUrl\":\"https:\/\/blogs.futura-sciences.com\/frankel\/wp-content\/uploads\/sites\/7\/2013\/12\/Frankel-en-scaphandre-1024x684.jpg\",\"datePublished\":\"2013-12-13T10:21:50+00:00\",\"dateModified\":\"2014-03-04T10:22:32+00:00\",\"inLanguage\":\"fr-FR\",\"potentialAction\":[{\"@type\":\"ReadAction\",\"target\":[\"https:\/\/blogs.futura-sciences.com\/frankel\/qui-suis-je\/\"]}]},{\"@type\":\"ImageObject\",\"inLanguage\":\"fr-FR\",\"@id\":\"https:\/\/blogs.futura-sciences.com\/frankel\/qui-suis-je\/#primaryimage\",\"url\":\"https:\/\/blogs.futura-sciences.com\/frankel\/wp-content\/uploads\/sites\/7\/2013\/12\/Frankel-en-scaphandre.jpg\",\"contentUrl\":\"https:\/\/blogs.futura-sciences.com\/frankel\/wp-content\/uploads\/sites\/7\/2013\/12\/Frankel-en-scaphandre.jpg\",\"width\":2896,\"height\":1936},{\"@type\":\"WebSite\",\"@id\":\"https:\/\/blogs.futura-sciences.com\/frankel\/#website\",\"url\":\"https:\/\/blogs.futura-sciences.com\/frankel\/\",\"name\":\"Carnets de bord d\u2019un martien, le blog de Charles FRANKEL, g\u00e9ologue\",\"description\":\"La science ? Apr\u00e8s tout, qu\u2019est-elle, sinon une longue et syst\u00e9matique curiosit\u00e9 ? Andr\u00e9 Maurois\",\"potentialAction\":[{\"@type\":\"SearchAction\",\"target\":{\"@type\":\"EntryPoint\",\"urlTemplate\":\"https:\/\/blogs.futura-sciences.com\/frankel\/?s={search_term_string}\"},\"query-input\":{\"@type\":\"PropertyValueSpecification\",\"valueRequired\":true,\"valueName\":\"search_term_string\"}}],\"inLanguage\":\"fr-FR\"}]}<\/script>\n<!-- \/ Yoast SEO plugin. -->","yoast_head_json":{"title":"Qui suis-je ? - Carnets de bord d\u2019un martien, le blog de Charles FRANKEL, g\u00e9ologue","robots":{"index":"index","follow":"follow","max-snippet":"max-snippet:-1","max-image-preview":"max-image-preview:large","max-video-preview":"max-video-preview:-1"},"canonical":"https:\/\/blogs.futura-sciences.com\/frankel\/qui-suis-je\/","twitter_misc":{"Dur\u00e9e de lecture estim\u00e9e":"3 minutes"},"schema":{"@context":"https:\/\/schema.org","@graph":[{"@type":"WebPage","@id":"https:\/\/blogs.futura-sciences.com\/frankel\/qui-suis-je\/","url":"https:\/\/blogs.futura-sciences.com\/frankel\/qui-suis-je\/","name":"Qui suis-je ? - Carnets de bord d\u2019un martien, le blog de Charles FRANKEL, g\u00e9ologue","isPartOf":{"@id":"https:\/\/blogs.futura-sciences.com\/frankel\/#website"},"primaryImageOfPage":{"@id":"https:\/\/blogs.futura-sciences.com\/frankel\/qui-suis-je\/#primaryimage"},"image":{"@id":"https:\/\/blogs.futura-sciences.com\/frankel\/qui-suis-je\/#primaryimage"},"thumbnailUrl":"https:\/\/blogs.futura-sciences.com\/frankel\/wp-content\/uploads\/sites\/7\/2013\/12\/Frankel-en-scaphandre-1024x684.jpg","datePublished":"2013-12-13T10:21:50+00:00","dateModified":"2014-03-04T10:22:32+00:00","inLanguage":"fr-FR","potentialAction":[{"@type":"ReadAction","target":["https:\/\/blogs.futura-sciences.com\/frankel\/qui-suis-je\/"]}]},{"@type":"ImageObject","inLanguage":"fr-FR","@id":"https:\/\/blogs.futura-sciences.com\/frankel\/qui-suis-je\/#primaryimage","url":"https:\/\/blogs.futura-sciences.com\/frankel\/wp-content\/uploads\/sites\/7\/2013\/12\/Frankel-en-scaphandre.jpg","contentUrl":"https:\/\/blogs.futura-sciences.com\/frankel\/wp-content\/uploads\/sites\/7\/2013\/12\/Frankel-en-scaphandre.jpg","width":2896,"height":1936},{"@type":"WebSite","@id":"https:\/\/blogs.futura-sciences.com\/frankel\/#website","url":"https:\/\/blogs.futura-sciences.com\/frankel\/","name":"Carnets de bord d\u2019un martien, le blog de Charles FRANKEL, g\u00e9ologue","description":"La science ? Apr\u00e8s tout, qu\u2019est-elle, sinon une longue et syst\u00e9matique curiosit\u00e9 ? Andr\u00e9 Maurois","potentialAction":[{"@type":"SearchAction","target":{"@type":"EntryPoint","urlTemplate":"https:\/\/blogs.futura-sciences.com\/frankel\/?s={search_term_string}"},"query-input":{"@type":"PropertyValueSpecification","valueRequired":true,"valueName":"search_term_string"}}],"inLanguage":"fr-FR"}]}},"_links":{"self":[{"href":"https:\/\/blogs.futura-sciences.com\/frankel\/wp-json\/wp\/v2\/pages\/33","targetHints":{"allow":["GET"]}}],"collection":[{"href":"https:\/\/blogs.futura-sciences.com\/frankel\/wp-json\/wp\/v2\/pages"}],"about":[{"href":"https:\/\/blogs.futura-sciences.com\/frankel\/wp-json\/wp\/v2\/types\/page"}],"author":[{"embeddable":true,"href":"https:\/\/blogs.futura-sciences.com\/frankel\/wp-json\/wp\/v2\/users\/1"}],"replies":[{"embeddable":true,"href":"https:\/\/blogs.futura-sciences.com\/frankel\/wp-json\/wp\/v2\/comments?post=33"}],"version-history":[{"count":5,"href":"https:\/\/blogs.futura-sciences.com\/frankel\/wp-json\/wp\/v2\/pages\/33\/revisions"}],"predecessor-version":[{"id":60,"href":"https:\/\/blogs.futura-sciences.com\/frankel\/wp-json\/wp\/v2\/pages\/33\/revisions\/60"}],"wp:attachment":[{"href":"https:\/\/blogs.futura-sciences.com\/frankel\/wp-json\/wp\/v2\/media?parent=33"}],"curies":[{"name":"wp","href":"https:\/\/api.w.org\/{rel}","templated":true}]}}