{"id":28,"date":"2013-12-13T10:17:48","date_gmt":"2013-12-13T10:17:48","guid":{"rendered":"https:\/\/blogs.futura-sciences.comdemo\/?page_id=28"},"modified":"2014-03-04T10:18:07","modified_gmt":"2014-03-04T10:18:07","slug":"pourquoi-ce-blog","status":"publish","type":"page","link":"https:\/\/blogs.futura-sciences.com\/frankel\/pourquoi-ce-blog\/","title":{"rendered":"Pourquoi ce blog ?"},"content":{"rendered":"<p>J\u2019aime les intrigues \u00ab polici\u00e8res \u00bb que sont les d\u00e9couvertes scientifiques, et j\u2019aime raconter des histoires. Deux bonnes raisons pour tenir un blog, d\u2019autant que l\u2019actualit\u00e9 scientifique dans mes domaines de pr\u00e9dilection\u2014la g\u00e9ologie et la plan\u00e9tologie\u2014est particuli\u00e8rement riche. J\u2019aime aussi les images, et le format d\u2019un blog permet d\u2019illustrer joliment les aventures de la science.<\/p>\n<p><a href=\"https:\/\/blogs.futura-sciences.com\/frankel\/wp-content\/uploads\/sites\/7\/2013\/12\/Frankel-dans-tente.jpg\" rel=\"lightbox[28]\"><img loading=\"lazy\" decoding=\"async\" class=\"aligncenter size-medium wp-image-54\" alt=\"OLYMPUS DIGITAL CAMERA\" src=\"https:\/\/blogs.futura-sciences.com\/frankel\/wp-content\/uploads\/sites\/7\/2013\/12\/Frankel-dans-tente-300x225.jpg\" width=\"300\" height=\"225\" srcset=\"https:\/\/blogs.futura-sciences.com\/frankel\/wp-content\/uploads\/sites\/7\/2013\/12\/Frankel-dans-tente-300x225.jpg 300w, https:\/\/blogs.futura-sciences.com\/frankel\/wp-content\/uploads\/sites\/7\/2013\/12\/Frankel-dans-tente-1024x768.jpg 1024w\" sizes=\"auto, (max-width: 300px) 100vw, 300px\" \/><\/a>Ce sera aussi l\u2019occasion pour moi d\u2019\u00e9largir un peu le cadre de mes r\u00e9flexions et de prendre des positions plus personnelles et plus cr\u00e9atives que d\u2019habitude : un ballon d\u2019oxyg\u00e8ne ! Enfin, ce blog me permettra de dialoguer avec les internautes : un luxe, car mon activit\u00e9 d\u2019auteur est assez solitaire, et j\u2019adore la discussion !<\/p>\n<!-- AddThis Advanced Settings generic via filter on the_content --><!-- AddThis Share Buttons generic via filter on the_content -->","protected":false},"excerpt":{"rendered":"<p>J\u2019aime les intrigues \u00ab polici\u00e8res \u00bb que sont les d\u00e9couvertes scientifiques, et j\u2019aime raconter des histoires. Deux bonnes raisons pour tenir un blog, d\u2019autant que l\u2019actualit\u00e9 scientifique dans mes domaines de pr\u00e9dilection\u2014la g\u00e9ologie et la plan\u00e9tologie\u2014est particuli\u00e8rement riche. J\u2019aime aussi les images, et le format d\u2019un blog permet d\u2019illustrer joliment les aventures de la science. &hellip; <a href=\"https:\/\/blogs.futura-sciences.com\/frankel\/pourquoi-ce-blog\/\" class=\"more-link\">Continuer la lecture de <span class=\"screen-reader-text\">Pourquoi ce blog ?<\/span>  <span class=\"meta-nav\">&rarr;<\/span><\/a><!-- AddThis Advanced Settings generic via filter on get_the_excerpt --><!-- AddThis Share Buttons generic via filter on get_the_excerpt --><\/p>\n","protected":false},"author":1,"featured_media":0,"parent":0,"menu_order":0,"comment_status":"open","ping_status":"open","template":"","meta":{"footnotes":"","_links_to":"","_links_to_target":""},"class_list":["post-28","page","type-page","status-publish","hentry"],"yoast_head":"<!-- This site is optimized with the Yoast SEO plugin v24.1 - https:\/\/yoast.com\/wordpress\/plugins\/seo\/ -->\n<title>Pourquoi ce blog ? - Carnets de bord d\u2019un martien, le blog de Charles FRANKEL, g\u00e9ologue<\/title>\n<meta name=\"robots\" content=\"index, follow, max-snippet:-1, max-image-preview:large, max-video-preview:-1\" \/>\n<link rel=\"canonical\" href=\"https:\/\/blogs.futura-sciences.com\/frankel\/pourquoi-ce-blog\/\" \/>\n<meta name=\"twitter:label1\" content=\"Dur\u00e9e de lecture estim\u00e9e\" \/>\n\t<meta name=\"twitter:data1\" content=\"1 minute\" \/>\n<script type=\"application\/ld+json\" class=\"yoast-schema-graph\">{\"@context\":\"https:\/\/schema.org\",\"@graph\":[{\"@type\":\"WebPage\",\"@id\":\"https:\/\/blogs.futura-sciences.com\/frankel\/pourquoi-ce-blog\/\",\"url\":\"https:\/\/blogs.futura-sciences.com\/frankel\/pourquoi-ce-blog\/\",\"name\":\"Pourquoi ce blog ? - Carnets de bord d\u2019un martien, le blog de Charles FRANKEL, g\u00e9ologue\",\"isPartOf\":{\"@id\":\"https:\/\/blogs.futura-sciences.com\/frankel\/#website\"},\"primaryImageOfPage\":{\"@id\":\"https:\/\/blogs.futura-sciences.com\/frankel\/pourquoi-ce-blog\/#primaryimage\"},\"image\":{\"@id\":\"https:\/\/blogs.futura-sciences.com\/frankel\/pourquoi-ce-blog\/#primaryimage\"},\"thumbnailUrl\":\"https:\/\/blogs.futura-sciences.com\/frankel\/wp-content\/uploads\/sites\/7\/2013\/12\/Frankel-dans-tente-300x225.jpg\",\"datePublished\":\"2013-12-13T10:17:48+00:00\",\"dateModified\":\"2014-03-04T10:18:07+00:00\",\"inLanguage\":\"fr-FR\",\"potentialAction\":[{\"@type\":\"ReadAction\",\"target\":[\"https:\/\/blogs.futura-sciences.com\/frankel\/pourquoi-ce-blog\/\"]}]},{\"@type\":\"ImageObject\",\"inLanguage\":\"fr-FR\",\"@id\":\"https:\/\/blogs.futura-sciences.com\/frankel\/pourquoi-ce-blog\/#primaryimage\",\"url\":\"https:\/\/blogs.futura-sciences.com\/frankel\/wp-content\/uploads\/sites\/7\/2013\/12\/Frankel-dans-tente.jpg\",\"contentUrl\":\"https:\/\/blogs.futura-sciences.com\/frankel\/wp-content\/uploads\/sites\/7\/2013\/12\/Frankel-dans-tente.jpg\",\"width\":3264,\"height\":2448},{\"@type\":\"WebSite\",\"@id\":\"https:\/\/blogs.futura-sciences.com\/frankel\/#website\",\"url\":\"https:\/\/blogs.futura-sciences.com\/frankel\/\",\"name\":\"Carnets de bord d\u2019un martien, le blog de Charles FRANKEL, g\u00e9ologue\",\"description\":\"La science ? Apr\u00e8s tout, qu\u2019est-elle, sinon une longue et syst\u00e9matique curiosit\u00e9 ? Andr\u00e9 Maurois\",\"potentialAction\":[{\"@type\":\"SearchAction\",\"target\":{\"@type\":\"EntryPoint\",\"urlTemplate\":\"https:\/\/blogs.futura-sciences.com\/frankel\/?s={search_term_string}\"},\"query-input\":{\"@type\":\"PropertyValueSpecification\",\"valueRequired\":true,\"valueName\":\"search_term_string\"}}],\"inLanguage\":\"fr-FR\"}]}<\/script>\n<!-- \/ Yoast SEO plugin. -->","yoast_head_json":{"title":"Pourquoi ce blog ? - Carnets de bord d\u2019un martien, le blog de Charles FRANKEL, g\u00e9ologue","robots":{"index":"index","follow":"follow","max-snippet":"max-snippet:-1","max-image-preview":"max-image-preview:large","max-video-preview":"max-video-preview:-1"},"canonical":"https:\/\/blogs.futura-sciences.com\/frankel\/pourquoi-ce-blog\/","twitter_misc":{"Dur\u00e9e de lecture estim\u00e9e":"1 minute"},"schema":{"@context":"https:\/\/schema.org","@graph":[{"@type":"WebPage","@id":"https:\/\/blogs.futura-sciences.com\/frankel\/pourquoi-ce-blog\/","url":"https:\/\/blogs.futura-sciences.com\/frankel\/pourquoi-ce-blog\/","name":"Pourquoi ce blog ? - Carnets de bord d\u2019un martien, le blog de Charles FRANKEL, g\u00e9ologue","isPartOf":{"@id":"https:\/\/blogs.futura-sciences.com\/frankel\/#website"},"primaryImageOfPage":{"@id":"https:\/\/blogs.futura-sciences.com\/frankel\/pourquoi-ce-blog\/#primaryimage"},"image":{"@id":"https:\/\/blogs.futura-sciences.com\/frankel\/pourquoi-ce-blog\/#primaryimage"},"thumbnailUrl":"https:\/\/blogs.futura-sciences.com\/frankel\/wp-content\/uploads\/sites\/7\/2013\/12\/Frankel-dans-tente-300x225.jpg","datePublished":"2013-12-13T10:17:48+00:00","dateModified":"2014-03-04T10:18:07+00:00","inLanguage":"fr-FR","potentialAction":[{"@type":"ReadAction","target":["https:\/\/blogs.futura-sciences.com\/frankel\/pourquoi-ce-blog\/"]}]},{"@type":"ImageObject","inLanguage":"fr-FR","@id":"https:\/\/blogs.futura-sciences.com\/frankel\/pourquoi-ce-blog\/#primaryimage","url":"https:\/\/blogs.futura-sciences.com\/frankel\/wp-content\/uploads\/sites\/7\/2013\/12\/Frankel-dans-tente.jpg","contentUrl":"https:\/\/blogs.futura-sciences.com\/frankel\/wp-content\/uploads\/sites\/7\/2013\/12\/Frankel-dans-tente.jpg","width":3264,"height":2448},{"@type":"WebSite","@id":"https:\/\/blogs.futura-sciences.com\/frankel\/#website","url":"https:\/\/blogs.futura-sciences.com\/frankel\/","name":"Carnets de bord d\u2019un martien, le blog de Charles FRANKEL, g\u00e9ologue","description":"La science ? Apr\u00e8s tout, qu\u2019est-elle, sinon une longue et syst\u00e9matique curiosit\u00e9 ? Andr\u00e9 Maurois","potentialAction":[{"@type":"SearchAction","target":{"@type":"EntryPoint","urlTemplate":"https:\/\/blogs.futura-sciences.com\/frankel\/?s={search_term_string}"},"query-input":{"@type":"PropertyValueSpecification","valueRequired":true,"valueName":"search_term_string"}}],"inLanguage":"fr-FR"}]}},"_links":{"self":[{"href":"https:\/\/blogs.futura-sciences.com\/frankel\/wp-json\/wp\/v2\/pages\/28","targetHints":{"allow":["GET"]}}],"collection":[{"href":"https:\/\/blogs.futura-sciences.com\/frankel\/wp-json\/wp\/v2\/pages"}],"about":[{"href":"https:\/\/blogs.futura-sciences.com\/frankel\/wp-json\/wp\/v2\/types\/page"}],"author":[{"embeddable":true,"href":"https:\/\/blogs.futura-sciences.com\/frankel\/wp-json\/wp\/v2\/users\/1"}],"replies":[{"embeddable":true,"href":"https:\/\/blogs.futura-sciences.com\/frankel\/wp-json\/wp\/v2\/comments?post=28"}],"version-history":[{"count":4,"href":"https:\/\/blogs.futura-sciences.com\/frankel\/wp-json\/wp\/v2\/pages\/28\/revisions"}],"predecessor-version":[{"id":55,"href":"https:\/\/blogs.futura-sciences.com\/frankel\/wp-json\/wp\/v2\/pages\/28\/revisions\/55"}],"wp:attachment":[{"href":"https:\/\/blogs.futura-sciences.com\/frankel\/wp-json\/wp\/v2\/media?parent=28"}],"curies":[{"name":"wp","href":"https:\/\/api.w.org\/{rel}","templated":true}]}}