{"id":7,"date":"2013-12-13T15:06:52","date_gmt":"2013-12-13T15:06:52","guid":{"rendered":"https:\/\/blogs.futura-sciences.comfeldmann\/?page_id=7"},"modified":"2025-11-22T09:10:51","modified_gmt":"2025-11-22T09:10:51","slug":"pourquoi-ce-blog","status":"publish","type":"page","link":"https:\/\/blogs.futura-sciences.com\/feldmann\/pourquoi-ce-blog\/","title":{"rendered":"Pourquoi ce blog ?"},"content":{"rendered":"<p>C&#8217;est \u00e0 travers des articles, des expositions photographiques et en les partageant sur les r\u00e9seaux sociaux que mes images sont destin\u00e9es \u00e0 s\u00e9duire le public. Les explications qui accompagnent ces clich\u00e9s doivent permettre \u00e0 chacun de s&#8217;approprier quelques bribes de nos connaissances en astronomie.<\/p>\n<p><a href=\"https:\/\/blogs.futura-sciences.com\/feldmann\/wp-content\/uploads\/sites\/9\/2013\/12\/jb2.jpg\" rel=\"lightbox[7]\"><img loading=\"lazy\" decoding=\"async\" class=\"aligncenter size-medium wp-image-389\" src=\"https:\/\/blogs.futura-sciences.com\/feldmann\/wp-content\/uploads\/sites\/9\/2013\/12\/jb2-450x337.jpg\" alt=\"jb2\" width=\"450\" height=\"337\" srcset=\"https:\/\/blogs.futura-sciences.com\/feldmann\/wp-content\/uploads\/sites\/9\/2013\/12\/jb2-450x337.jpg 450w, https:\/\/blogs.futura-sciences.com\/feldmann\/wp-content\/uploads\/sites\/9\/2013\/12\/jb2.jpg 900w\" sizes=\"auto, (max-width: 450px) 100vw, 450px\" \/><\/a><\/p>\n<p>Faire r\u00eaver tout en instruisant, une devise qui est mienne, et qui pourrait \u00eatre \u00e9galement celle de <a href=\"http:\/\/www.futura-sciences.com\/\" target=\"_blank\" rel=\"noopener\">Futura<\/a>, le site qui fait entrer le savoir chez nous. Apr\u00e8s avoir collabor\u00e9 pendant plusieurs ann\u00e9es \u00e0 la r\u00e9daction des actualit\u00e9s astronomiques de ce site, c&#8217;est avec grand plaisir que j&#8217;y h\u00e9berge mon blog (depuis 2014), que vous pouvez suivre \u00e9galement sur <a title=\"Cielmania\" href=\"https:\/\/www.facebook.com\/cielmania\" target=\"_blank\" rel=\"noopener\">Facebook<\/a>.<\/p>\n<!-- AddThis Advanced Settings generic via filter on the_content --><!-- AddThis Share Buttons generic via filter on the_content -->","protected":false},"excerpt":{"rendered":"<p>C&#8217;est \u00e0 travers des articles, des expositions photographiques et en les partageant sur les r\u00e9seaux sociaux que mes images sont destin\u00e9es \u00e0 s\u00e9duire le public. Les explications qui accompagnent ces clich\u00e9s doivent permettre \u00e0 chacun de s&#8217;approprier quelques bribes de nos connaissances en astronomie. Faire r\u00eaver tout en instruisant, une devise qui est mienne, et &hellip; <a href=\"https:\/\/blogs.futura-sciences.com\/feldmann\/pourquoi-ce-blog\/\" class=\"more-link\">Continuer la lecture de <span class=\"screen-reader-text\">Pourquoi ce blog ?<\/span>  <span class=\"meta-nav\">&rarr;<\/span><\/a><!-- AddThis Advanced Settings generic via filter on get_the_excerpt --><!-- AddThis Share Buttons generic via filter on get_the_excerpt --><\/p>\n","protected":false},"author":1,"featured_media":0,"parent":0,"menu_order":0,"comment_status":"open","ping_status":"open","template":"","meta":{"footnotes":"","_links_to":"","_links_to_target":""},"class_list":["post-7","page","type-page","status-publish","hentry"],"yoast_head":"<!-- This site is optimized with the Yoast SEO plugin v24.1 - https:\/\/yoast.com\/wordpress\/plugins\/seo\/ -->\n<title>Pourquoi ce blog ? - CIELMANIA : le blog de Jean-Baptiste FELDMANN, photographe du ciel<\/title>\n<meta name=\"robots\" content=\"index, follow, max-snippet:-1, max-image-preview:large, max-video-preview:-1\" \/>\n<link rel=\"canonical\" href=\"https:\/\/blogs.futura-sciences.com\/feldmann\/pourquoi-ce-blog\/\" \/>\n<meta property=\"og:locale\" content=\"fr_FR\" \/>\n<meta property=\"og:type\" content=\"article\" \/>\n<meta property=\"og:title\" content=\"Pourquoi ce blog ? - CIELMANIA : le blog de Jean-Baptiste FELDMANN, photographe du ciel\" \/>\n<meta property=\"og:description\" content=\"C&#8217;est \u00e0 travers des articles, des expositions photographiques et en les partageant sur les r\u00e9seaux sociaux que mes images sont destin\u00e9es \u00e0 s\u00e9duire le public. Les explications qui accompagnent ces clich\u00e9s doivent permettre \u00e0 chacun de s&#8217;approprier quelques bribes de nos connaissances en astronomie. Faire r\u00eaver tout en instruisant, une devise qui est mienne, et &hellip; Continuer la lecture de Pourquoi ce blog ? &rarr;\" \/>\n<meta property=\"og:url\" content=\"https:\/\/blogs.futura-sciences.com\/feldmann\/pourquoi-ce-blog\/\" \/>\n<meta property=\"og:site_name\" content=\"CIELMANIA : le blog de Jean-Baptiste FELDMANN, photographe du ciel\" \/>\n<meta property=\"article:modified_time\" content=\"2025-11-22T09:10:51+00:00\" \/>\n<meta property=\"og:image\" content=\"https:\/\/blogs.futura-sciences.com\/feldmann\/wp-content\/uploads\/sites\/9\/2013\/12\/jb2.jpg\" \/>\n\t<meta property=\"og:image:width\" content=\"900\" \/>\n\t<meta property=\"og:image:height\" content=\"675\" \/>\n\t<meta property=\"og:image:type\" content=\"image\/jpeg\" \/>\n<meta name=\"twitter:card\" content=\"summary_large_image\" \/>\n<meta name=\"twitter:label1\" content=\"Dur\u00e9e de lecture estim\u00e9e\" \/>\n\t<meta name=\"twitter:data1\" content=\"1 minute\" \/>\n<script type=\"application\/ld+json\" class=\"yoast-schema-graph\">{\"@context\":\"https:\/\/schema.org\",\"@graph\":[{\"@type\":\"WebPage\",\"@id\":\"https:\/\/blogs.futura-sciences.com\/feldmann\/pourquoi-ce-blog\/\",\"url\":\"https:\/\/blogs.futura-sciences.com\/feldmann\/pourquoi-ce-blog\/\",\"name\":\"Pourquoi ce blog ? - CIELMANIA : le blog de Jean-Baptiste FELDMANN, photographe du ciel\",\"isPartOf\":{\"@id\":\"https:\/\/blogs.futura-sciences.com\/feldmann\/#website\"},\"primaryImageOfPage\":{\"@id\":\"https:\/\/blogs.futura-sciences.com\/feldmann\/pourquoi-ce-blog\/#primaryimage\"},\"image\":{\"@id\":\"https:\/\/blogs.futura-sciences.com\/feldmann\/pourquoi-ce-blog\/#primaryimage\"},\"thumbnailUrl\":\"https:\/\/blogs.futura-sciences.com\/feldmann\/wp-content\/uploads\/sites\/9\/2013\/12\/jb2-450x337.jpg\",\"datePublished\":\"2013-12-13T15:06:52+00:00\",\"dateModified\":\"2025-11-22T09:10:51+00:00\",\"inLanguage\":\"fr-FR\",\"potentialAction\":[{\"@type\":\"ReadAction\",\"target\":[\"https:\/\/blogs.futura-sciences.com\/feldmann\/pourquoi-ce-blog\/\"]}]},{\"@type\":\"ImageObject\",\"inLanguage\":\"fr-FR\",\"@id\":\"https:\/\/blogs.futura-sciences.com\/feldmann\/pourquoi-ce-blog\/#primaryimage\",\"url\":\"https:\/\/blogs.futura-sciences.com\/feldmann\/wp-content\/uploads\/sites\/9\/2013\/12\/jb2.jpg\",\"contentUrl\":\"https:\/\/blogs.futura-sciences.com\/feldmann\/wp-content\/uploads\/sites\/9\/2013\/12\/jb2.jpg\",\"width\":900,\"height\":675},{\"@type\":\"WebSite\",\"@id\":\"https:\/\/blogs.futura-sciences.com\/feldmann\/#website\",\"url\":\"https:\/\/blogs.futura-sciences.com\/feldmann\/\",\"name\":\"CIELMANIA : le blog de Jean-Baptiste FELDMANN, photographe du ciel\",\"description\":\"&quot;J&#039;ai en moi un besoin terrible. Dirais-je le mot? La religion. Alors, je sors la nuit et je peins des \u00e9toiles.&quot;  Vincent van Gogh\",\"potentialAction\":[{\"@type\":\"SearchAction\",\"target\":{\"@type\":\"EntryPoint\",\"urlTemplate\":\"https:\/\/blogs.futura-sciences.com\/feldmann\/?s={search_term_string}\"},\"query-input\":{\"@type\":\"PropertyValueSpecification\",\"valueRequired\":true,\"valueName\":\"search_term_string\"}}],\"inLanguage\":\"fr-FR\"}]}<\/script>\n<!-- \/ Yoast SEO plugin. -->","yoast_head_json":{"title":"Pourquoi ce blog ? - CIELMANIA : le blog de Jean-Baptiste FELDMANN, photographe du ciel","robots":{"index":"index","follow":"follow","max-snippet":"max-snippet:-1","max-image-preview":"max-image-preview:large","max-video-preview":"max-video-preview:-1"},"canonical":"https:\/\/blogs.futura-sciences.com\/feldmann\/pourquoi-ce-blog\/","og_locale":"fr_FR","og_type":"article","og_title":"Pourquoi ce blog ? - CIELMANIA : le blog de Jean-Baptiste FELDMANN, photographe du ciel","og_description":"C&#8217;est \u00e0 travers des articles, des expositions photographiques et en les partageant sur les r\u00e9seaux sociaux que mes images sont destin\u00e9es \u00e0 s\u00e9duire le public. Les explications qui accompagnent ces clich\u00e9s doivent permettre \u00e0 chacun de s&#8217;approprier quelques bribes de nos connaissances en astronomie. Faire r\u00eaver tout en instruisant, une devise qui est mienne, et &hellip; Continuer la lecture de Pourquoi ce blog ? &rarr;","og_url":"https:\/\/blogs.futura-sciences.com\/feldmann\/pourquoi-ce-blog\/","og_site_name":"CIELMANIA : le blog de Jean-Baptiste FELDMANN, photographe du ciel","article_modified_time":"2025-11-22T09:10:51+00:00","og_image":[{"width":900,"height":675,"url":"https:\/\/blogs.futura-sciences.com\/feldmann\/wp-content\/uploads\/sites\/9\/2013\/12\/jb2.jpg","type":"image\/jpeg"}],"twitter_card":"summary_large_image","twitter_misc":{"Dur\u00e9e de lecture estim\u00e9e":"1 minute"},"schema":{"@context":"https:\/\/schema.org","@graph":[{"@type":"WebPage","@id":"https:\/\/blogs.futura-sciences.com\/feldmann\/pourquoi-ce-blog\/","url":"https:\/\/blogs.futura-sciences.com\/feldmann\/pourquoi-ce-blog\/","name":"Pourquoi ce blog ? - CIELMANIA : le blog de Jean-Baptiste FELDMANN, photographe du ciel","isPartOf":{"@id":"https:\/\/blogs.futura-sciences.com\/feldmann\/#website"},"primaryImageOfPage":{"@id":"https:\/\/blogs.futura-sciences.com\/feldmann\/pourquoi-ce-blog\/#primaryimage"},"image":{"@id":"https:\/\/blogs.futura-sciences.com\/feldmann\/pourquoi-ce-blog\/#primaryimage"},"thumbnailUrl":"https:\/\/blogs.futura-sciences.com\/feldmann\/wp-content\/uploads\/sites\/9\/2013\/12\/jb2-450x337.jpg","datePublished":"2013-12-13T15:06:52+00:00","dateModified":"2025-11-22T09:10:51+00:00","inLanguage":"fr-FR","potentialAction":[{"@type":"ReadAction","target":["https:\/\/blogs.futura-sciences.com\/feldmann\/pourquoi-ce-blog\/"]}]},{"@type":"ImageObject","inLanguage":"fr-FR","@id":"https:\/\/blogs.futura-sciences.com\/feldmann\/pourquoi-ce-blog\/#primaryimage","url":"https:\/\/blogs.futura-sciences.com\/feldmann\/wp-content\/uploads\/sites\/9\/2013\/12\/jb2.jpg","contentUrl":"https:\/\/blogs.futura-sciences.com\/feldmann\/wp-content\/uploads\/sites\/9\/2013\/12\/jb2.jpg","width":900,"height":675},{"@type":"WebSite","@id":"https:\/\/blogs.futura-sciences.com\/feldmann\/#website","url":"https:\/\/blogs.futura-sciences.com\/feldmann\/","name":"CIELMANIA : le blog de Jean-Baptiste FELDMANN, photographe du ciel","description":"&quot;J&#039;ai en moi un besoin terrible. Dirais-je le mot? La religion. Alors, je sors la nuit et je peins des \u00e9toiles.&quot;  Vincent van Gogh","potentialAction":[{"@type":"SearchAction","target":{"@type":"EntryPoint","urlTemplate":"https:\/\/blogs.futura-sciences.com\/feldmann\/?s={search_term_string}"},"query-input":{"@type":"PropertyValueSpecification","valueRequired":true,"valueName":"search_term_string"}}],"inLanguage":"fr-FR"}]}},"_links":{"self":[{"href":"https:\/\/blogs.futura-sciences.com\/feldmann\/wp-json\/wp\/v2\/pages\/7","targetHints":{"allow":["GET"]}}],"collection":[{"href":"https:\/\/blogs.futura-sciences.com\/feldmann\/wp-json\/wp\/v2\/pages"}],"about":[{"href":"https:\/\/blogs.futura-sciences.com\/feldmann\/wp-json\/wp\/v2\/types\/page"}],"author":[{"embeddable":true,"href":"https:\/\/blogs.futura-sciences.com\/feldmann\/wp-json\/wp\/v2\/users\/1"}],"replies":[{"embeddable":true,"href":"https:\/\/blogs.futura-sciences.com\/feldmann\/wp-json\/wp\/v2\/comments?post=7"}],"version-history":[{"count":13,"href":"https:\/\/blogs.futura-sciences.com\/feldmann\/wp-json\/wp\/v2\/pages\/7\/revisions"}],"predecessor-version":[{"id":22016,"href":"https:\/\/blogs.futura-sciences.com\/feldmann\/wp-json\/wp\/v2\/pages\/7\/revisions\/22016"}],"wp:attachment":[{"href":"https:\/\/blogs.futura-sciences.com\/feldmann\/wp-json\/wp\/v2\/media?parent=7"}],"curies":[{"name":"wp","href":"https:\/\/api.w.org\/{rel}","templated":true}]}}