{"id":5,"date":"2013-12-13T15:06:36","date_gmt":"2013-12-13T15:06:36","guid":{"rendered":"https:\/\/blogs.futura-sciences.comfeldmann\/?page_id=5"},"modified":"2025-11-22T09:08:56","modified_gmt":"2025-11-22T09:08:56","slug":"qui-suis-je","status":"publish","type":"page","link":"https:\/\/blogs.futura-sciences.com\/feldmann\/qui-suis-je\/","title":{"rendered":"Qui suis-je ?"},"content":{"rendered":"<p>Photographe amateur passionn\u00e9 d&#8217;astronomie, je me consacre principalement \u00e0 l&#8217;observation, la r\u00e9alisation d&#8217;images c\u00e9lestes et la vulgarisation (articles, conf\u00e9rences, projection\/exposition de mes photos).<\/p>\n<p><a href=\"https:\/\/blogs.futura-sciences.com\/feldmann\/wp-content\/uploads\/sites\/9\/2022\/10\/jb.jpg\" rel=\"lightbox[5]\"><img loading=\"lazy\" decoding=\"async\" class=\"alignnone size-medium wp-image-16692\" src=\"https:\/\/blogs.futura-sciences.com\/feldmann\/wp-content\/uploads\/sites\/9\/2022\/10\/jb-450x348.jpg\" alt=\"\" width=\"450\" height=\"348\" srcset=\"https:\/\/blogs.futura-sciences.com\/feldmann\/wp-content\/uploads\/sites\/9\/2022\/10\/jb-450x348.jpg 450w, https:\/\/blogs.futura-sciences.com\/feldmann\/wp-content\/uploads\/sites\/9\/2022\/10\/jb-768x594.jpg 768w, https:\/\/blogs.futura-sciences.com\/feldmann\/wp-content\/uploads\/sites\/9\/2022\/10\/jb.jpg 837w\" sizes=\"auto, (max-width: 450px) 100vw, 450px\" \/><\/a><\/p>\n<p><a href=\"https:\/\/blogs.futura-sciences.com\/feldmann\/wp-content\/uploads\/sites\/9\/2022\/10\/morvan02.jpg\" rel=\"lightbox[5]\"><img loading=\"lazy\" decoding=\"async\" class=\"alignnone size-medium wp-image-16785\" src=\"https:\/\/blogs.futura-sciences.com\/feldmann\/wp-content\/uploads\/sites\/9\/2022\/10\/morvan02-450x270.jpg\" alt=\"\" width=\"450\" height=\"270\" srcset=\"https:\/\/blogs.futura-sciences.com\/feldmann\/wp-content\/uploads\/sites\/9\/2022\/10\/morvan02-450x270.jpg 450w, https:\/\/blogs.futura-sciences.com\/feldmann\/wp-content\/uploads\/sites\/9\/2022\/10\/morvan02-1024x615.jpg 1024w, https:\/\/blogs.futura-sciences.com\/feldmann\/wp-content\/uploads\/sites\/9\/2022\/10\/morvan02-768x461.jpg 768w, https:\/\/blogs.futura-sciences.com\/feldmann\/wp-content\/uploads\/sites\/9\/2022\/10\/morvan02.jpg 1500w\" sizes=\"auto, (max-width: 450px) 100vw, 450px\" \/><\/a><\/p>\n<p>Vous pouvez me suivre en vous abonnant \u00e0 Cielmania sur <a href=\"https:\/\/www.facebook.com\/cielmania\/\" target=\"_blank\" rel=\"noopener noreferrer\">Facebook<\/a>.<\/p>\n<p><strong>Vous souhaitez :<\/strong><\/p>\n<ul>\n<li><strong>que j&#8217;intervienne pour pr\u00e9senter une conf\u00e9rence (la Lune, images c\u00e9lestes, la plan\u00e8te Mars, les n\u00e9buleuses en forme d&#8217;animaux&#8230;)<\/strong><\/li>\n<li><strong>profiter de mon exposition &#8220;Le ciel est mon jardin&#8221; comprenant 15 affiches plastifi\u00e9es 30X42<\/strong><\/li>\n<li><strong>que j&#8217;anime une soir\u00e9e d&#8217;observation avec mon t\u00e9lescope<\/strong><\/li>\n<\/ul>\n<p><strong>Contactez-moi \u00e0 jbfeldmann*gmail.com (remplacez * par @).\u00a0<\/strong><\/p>\n<p><a href=\"https:\/\/blogs.futura-sciences.com\/feldmann\/wp-content\/uploads\/sites\/9\/2025\/11\/animation2.jpg\" rel=\"lightbox[5]\"><img loading=\"lazy\" decoding=\"async\" class=\"alignnone size-medium wp-image-22013\" src=\"https:\/\/blogs.futura-sciences.com\/feldmann\/wp-content\/uploads\/sites\/9\/2025\/11\/animation2-450x329.jpg\" alt=\"\" width=\"450\" height=\"329\" srcset=\"https:\/\/blogs.futura-sciences.com\/feldmann\/wp-content\/uploads\/sites\/9\/2025\/11\/animation2-450x329.jpg 450w, https:\/\/blogs.futura-sciences.com\/feldmann\/wp-content\/uploads\/sites\/9\/2025\/11\/animation2-1024x750.jpg 1024w, https:\/\/blogs.futura-sciences.com\/feldmann\/wp-content\/uploads\/sites\/9\/2025\/11\/animation2-768x562.jpg 768w, https:\/\/blogs.futura-sciences.com\/feldmann\/wp-content\/uploads\/sites\/9\/2025\/11\/animation2.jpg 1429w\" sizes=\"auto, (max-width: 450px) 100vw, 450px\" \/><\/a><\/p>\n<!-- AddThis Advanced Settings generic via filter on the_content --><!-- AddThis Share Buttons generic via filter on the_content -->","protected":false},"excerpt":{"rendered":"<p>Photographe amateur passionn\u00e9 d&#8217;astronomie, je me consacre principalement \u00e0 l&#8217;observation, la r\u00e9alisation d&#8217;images c\u00e9lestes et la vulgarisation (articles, conf\u00e9rences, projection\/exposition de mes photos). Vous pouvez me suivre en vous abonnant \u00e0 Cielmania sur Facebook. Vous souhaitez : que j&#8217;intervienne pour pr\u00e9senter une conf\u00e9rence (la Lune, images c\u00e9lestes, la plan\u00e8te Mars, les n\u00e9buleuses en forme d&#8217;animaux&#8230;) &hellip; <a href=\"https:\/\/blogs.futura-sciences.com\/feldmann\/qui-suis-je\/\" class=\"more-link\">Continuer la lecture de <span class=\"screen-reader-text\">Qui suis-je ?<\/span>  <span class=\"meta-nav\">&rarr;<\/span><\/a><!-- AddThis Advanced Settings generic via filter on get_the_excerpt --><!-- AddThis Share Buttons generic via filter on get_the_excerpt --><\/p>\n","protected":false},"author":1,"featured_media":0,"parent":0,"menu_order":0,"comment_status":"open","ping_status":"open","template":"","meta":{"footnotes":"","_links_to":"","_links_to_target":""},"class_list":["post-5","page","type-page","status-publish","hentry"],"yoast_head":"<!-- This site is optimized with the Yoast SEO plugin v24.1 - https:\/\/yoast.com\/wordpress\/plugins\/seo\/ -->\n<title>Qui suis-je ? - CIELMANIA : le blog de Jean-Baptiste FELDMANN, photographe du ciel<\/title>\n<meta name=\"robots\" content=\"index, follow, max-snippet:-1, max-image-preview:large, max-video-preview:-1\" \/>\n<link rel=\"canonical\" href=\"https:\/\/blogs.futura-sciences.com\/feldmann\/qui-suis-je\/\" \/>\n<meta property=\"og:locale\" content=\"fr_FR\" \/>\n<meta property=\"og:type\" content=\"article\" \/>\n<meta property=\"og:title\" content=\"Qui suis-je ? - CIELMANIA : le blog de Jean-Baptiste FELDMANN, photographe du ciel\" \/>\n<meta property=\"og:description\" content=\"Photographe amateur passionn\u00e9 d&#8217;astronomie, je me consacre principalement \u00e0 l&#8217;observation, la r\u00e9alisation d&#8217;images c\u00e9lestes et la vulgarisation (articles, conf\u00e9rences, projection\/exposition de mes photos). Vous pouvez me suivre en vous abonnant \u00e0 Cielmania sur Facebook. Vous souhaitez : que j&#8217;intervienne pour pr\u00e9senter une conf\u00e9rence (la Lune, images c\u00e9lestes, la plan\u00e8te Mars, les n\u00e9buleuses en forme d&#8217;animaux&#8230;) &hellip; Continuer la lecture de Qui suis-je ? &rarr;\" \/>\n<meta property=\"og:url\" content=\"https:\/\/blogs.futura-sciences.com\/feldmann\/qui-suis-je\/\" \/>\n<meta property=\"og:site_name\" content=\"CIELMANIA : le blog de Jean-Baptiste FELDMANN, photographe du ciel\" \/>\n<meta property=\"article:modified_time\" content=\"2025-11-22T09:08:56+00:00\" \/>\n<meta property=\"og:image\" content=\"https:\/\/blogs.futura-sciences.com\/feldmann\/wp-content\/uploads\/sites\/9\/2022\/10\/jb.jpg\" \/>\n\t<meta property=\"og:image:width\" content=\"837\" \/>\n\t<meta property=\"og:image:height\" content=\"647\" \/>\n\t<meta property=\"og:image:type\" content=\"image\/jpeg\" \/>\n<meta name=\"twitter:card\" content=\"summary_large_image\" \/>\n<meta name=\"twitter:label1\" content=\"Dur\u00e9e de lecture estim\u00e9e\" \/>\n\t<meta name=\"twitter:data1\" content=\"2 minutes\" \/>\n<script type=\"application\/ld+json\" class=\"yoast-schema-graph\">{\"@context\":\"https:\/\/schema.org\",\"@graph\":[{\"@type\":\"WebPage\",\"@id\":\"https:\/\/blogs.futura-sciences.com\/feldmann\/qui-suis-je\/\",\"url\":\"https:\/\/blogs.futura-sciences.com\/feldmann\/qui-suis-je\/\",\"name\":\"Qui suis-je ? - CIELMANIA : le blog de Jean-Baptiste FELDMANN, photographe du ciel\",\"isPartOf\":{\"@id\":\"https:\/\/blogs.futura-sciences.com\/feldmann\/#website\"},\"primaryImageOfPage\":{\"@id\":\"https:\/\/blogs.futura-sciences.com\/feldmann\/qui-suis-je\/#primaryimage\"},\"image\":{\"@id\":\"https:\/\/blogs.futura-sciences.com\/feldmann\/qui-suis-je\/#primaryimage\"},\"thumbnailUrl\":\"https:\/\/blogs.futura-sciences.com\/feldmann\/wp-content\/uploads\/sites\/9\/2022\/10\/jb-450x348.jpg\",\"datePublished\":\"2013-12-13T15:06:36+00:00\",\"dateModified\":\"2025-11-22T09:08:56+00:00\",\"inLanguage\":\"fr-FR\",\"potentialAction\":[{\"@type\":\"ReadAction\",\"target\":[\"https:\/\/blogs.futura-sciences.com\/feldmann\/qui-suis-je\/\"]}]},{\"@type\":\"ImageObject\",\"inLanguage\":\"fr-FR\",\"@id\":\"https:\/\/blogs.futura-sciences.com\/feldmann\/qui-suis-je\/#primaryimage\",\"url\":\"https:\/\/blogs.futura-sciences.com\/feldmann\/wp-content\/uploads\/sites\/9\/2022\/10\/jb.jpg\",\"contentUrl\":\"https:\/\/blogs.futura-sciences.com\/feldmann\/wp-content\/uploads\/sites\/9\/2022\/10\/jb.jpg\",\"width\":837,\"height\":647},{\"@type\":\"WebSite\",\"@id\":\"https:\/\/blogs.futura-sciences.com\/feldmann\/#website\",\"url\":\"https:\/\/blogs.futura-sciences.com\/feldmann\/\",\"name\":\"CIELMANIA : le blog de Jean-Baptiste FELDMANN, photographe du ciel\",\"description\":\"&quot;J&#039;ai en moi un besoin terrible. Dirais-je le mot? La religion. Alors, je sors la nuit et je peins des \u00e9toiles.&quot;  Vincent van Gogh\",\"potentialAction\":[{\"@type\":\"SearchAction\",\"target\":{\"@type\":\"EntryPoint\",\"urlTemplate\":\"https:\/\/blogs.futura-sciences.com\/feldmann\/?s={search_term_string}\"},\"query-input\":{\"@type\":\"PropertyValueSpecification\",\"valueRequired\":true,\"valueName\":\"search_term_string\"}}],\"inLanguage\":\"fr-FR\"}]}<\/script>\n<!-- \/ Yoast SEO plugin. -->","yoast_head_json":{"title":"Qui suis-je ? - CIELMANIA : le blog de Jean-Baptiste FELDMANN, photographe du ciel","robots":{"index":"index","follow":"follow","max-snippet":"max-snippet:-1","max-image-preview":"max-image-preview:large","max-video-preview":"max-video-preview:-1"},"canonical":"https:\/\/blogs.futura-sciences.com\/feldmann\/qui-suis-je\/","og_locale":"fr_FR","og_type":"article","og_title":"Qui suis-je ? - CIELMANIA : le blog de Jean-Baptiste FELDMANN, photographe du ciel","og_description":"Photographe amateur passionn\u00e9 d&#8217;astronomie, je me consacre principalement \u00e0 l&#8217;observation, la r\u00e9alisation d&#8217;images c\u00e9lestes et la vulgarisation (articles, conf\u00e9rences, projection\/exposition de mes photos). Vous pouvez me suivre en vous abonnant \u00e0 Cielmania sur Facebook. Vous souhaitez : que j&#8217;intervienne pour pr\u00e9senter une conf\u00e9rence (la Lune, images c\u00e9lestes, la plan\u00e8te Mars, les n\u00e9buleuses en forme d&#8217;animaux&#8230;) &hellip; Continuer la lecture de Qui suis-je ? &rarr;","og_url":"https:\/\/blogs.futura-sciences.com\/feldmann\/qui-suis-je\/","og_site_name":"CIELMANIA : le blog de Jean-Baptiste FELDMANN, photographe du ciel","article_modified_time":"2025-11-22T09:08:56+00:00","og_image":[{"width":837,"height":647,"url":"https:\/\/blogs.futura-sciences.com\/feldmann\/wp-content\/uploads\/sites\/9\/2022\/10\/jb.jpg","type":"image\/jpeg"}],"twitter_card":"summary_large_image","twitter_misc":{"Dur\u00e9e de lecture estim\u00e9e":"2 minutes"},"schema":{"@context":"https:\/\/schema.org","@graph":[{"@type":"WebPage","@id":"https:\/\/blogs.futura-sciences.com\/feldmann\/qui-suis-je\/","url":"https:\/\/blogs.futura-sciences.com\/feldmann\/qui-suis-je\/","name":"Qui suis-je ? - CIELMANIA : le blog de Jean-Baptiste FELDMANN, photographe du ciel","isPartOf":{"@id":"https:\/\/blogs.futura-sciences.com\/feldmann\/#website"},"primaryImageOfPage":{"@id":"https:\/\/blogs.futura-sciences.com\/feldmann\/qui-suis-je\/#primaryimage"},"image":{"@id":"https:\/\/blogs.futura-sciences.com\/feldmann\/qui-suis-je\/#primaryimage"},"thumbnailUrl":"https:\/\/blogs.futura-sciences.com\/feldmann\/wp-content\/uploads\/sites\/9\/2022\/10\/jb-450x348.jpg","datePublished":"2013-12-13T15:06:36+00:00","dateModified":"2025-11-22T09:08:56+00:00","inLanguage":"fr-FR","potentialAction":[{"@type":"ReadAction","target":["https:\/\/blogs.futura-sciences.com\/feldmann\/qui-suis-je\/"]}]},{"@type":"ImageObject","inLanguage":"fr-FR","@id":"https:\/\/blogs.futura-sciences.com\/feldmann\/qui-suis-je\/#primaryimage","url":"https:\/\/blogs.futura-sciences.com\/feldmann\/wp-content\/uploads\/sites\/9\/2022\/10\/jb.jpg","contentUrl":"https:\/\/blogs.futura-sciences.com\/feldmann\/wp-content\/uploads\/sites\/9\/2022\/10\/jb.jpg","width":837,"height":647},{"@type":"WebSite","@id":"https:\/\/blogs.futura-sciences.com\/feldmann\/#website","url":"https:\/\/blogs.futura-sciences.com\/feldmann\/","name":"CIELMANIA : le blog de Jean-Baptiste FELDMANN, photographe du ciel","description":"&quot;J&#039;ai en moi un besoin terrible. Dirais-je le mot? La religion. Alors, je sors la nuit et je peins des \u00e9toiles.&quot;  Vincent van Gogh","potentialAction":[{"@type":"SearchAction","target":{"@type":"EntryPoint","urlTemplate":"https:\/\/blogs.futura-sciences.com\/feldmann\/?s={search_term_string}"},"query-input":{"@type":"PropertyValueSpecification","valueRequired":true,"valueName":"search_term_string"}}],"inLanguage":"fr-FR"}]}},"_links":{"self":[{"href":"https:\/\/blogs.futura-sciences.com\/feldmann\/wp-json\/wp\/v2\/pages\/5","targetHints":{"allow":["GET"]}}],"collection":[{"href":"https:\/\/blogs.futura-sciences.com\/feldmann\/wp-json\/wp\/v2\/pages"}],"about":[{"href":"https:\/\/blogs.futura-sciences.com\/feldmann\/wp-json\/wp\/v2\/types\/page"}],"author":[{"embeddable":true,"href":"https:\/\/blogs.futura-sciences.com\/feldmann\/wp-json\/wp\/v2\/users\/1"}],"replies":[{"embeddable":true,"href":"https:\/\/blogs.futura-sciences.com\/feldmann\/wp-json\/wp\/v2\/comments?post=5"}],"version-history":[{"count":27,"href":"https:\/\/blogs.futura-sciences.com\/feldmann\/wp-json\/wp\/v2\/pages\/5\/revisions"}],"predecessor-version":[{"id":22015,"href":"https:\/\/blogs.futura-sciences.com\/feldmann\/wp-json\/wp\/v2\/pages\/5\/revisions\/22015"}],"wp:attachment":[{"href":"https:\/\/blogs.futura-sciences.com\/feldmann\/wp-json\/wp\/v2\/media?parent=5"}],"curies":[{"name":"wp","href":"https:\/\/api.w.org\/{rel}","templated":true}]}}