{"id":571,"date":"2016-05-08T10:40:48","date_gmt":"2016-05-08T08:40:48","guid":{"rendered":"http:\/\/blogs.futura-sciences.com\/barrau\/?page_id=571"},"modified":"2018-02-06T11:26:10","modified_gmt":"2018-02-06T10:26:10","slug":"videos","status":"publish","type":"page","link":"https:\/\/blogs.futura-sciences.com\/barrau\/videos\/","title":{"rendered":"Vid\u00e9os de A. Barrau"},"content":{"rendered":"<p>Il y a des vid\u00e9os de vulgarisation (et quelques cours et conf\u00e9rences) ici : <\/p>\n<p><a href=\"https:\/\/www.youtube.com\/channel\/UCwgqYNmYaij2_8hq_tOFyZw\" target=\"_blank\">Cha\u00eene Youtube A. Barrau<\/a><\/p>\n<!-- AddThis Advanced Settings generic via filter on the_content --><!-- AddThis Share Buttons generic via filter on the_content -->","protected":false},"excerpt":{"rendered":"<p>Il y a des vid\u00e9os de vulgarisation (et quelques cours et conf\u00e9rences) ici : Cha\u00eene Youtube A. Barrau<!-- AddThis Advanced Settings generic via filter on get_the_excerpt --><!-- AddThis Share Buttons generic via filter on get_the_excerpt --><\/p>\n","protected":false},"author":10,"featured_media":0,"parent":0,"menu_order":0,"comment_status":"closed","ping_status":"closed","template":"","meta":{"footnotes":"","_links_to":"","_links_to_target":""},"class_list":["post-571","page","type-page","status-publish","hentry"],"yoast_head":"<!-- This site is optimized with the Yoast SEO plugin v24.1 - https:\/\/yoast.com\/wordpress\/plugins\/seo\/ -->\n<title>Vid\u00e9os de A. Barrau - COSMOGONIES, le blog d&#039;Aur\u00e9lien BARRAU, astrophysicien<\/title>\n<meta name=\"robots\" content=\"index, follow, max-snippet:-1, max-image-preview:large, max-video-preview:-1\" \/>\n<link rel=\"canonical\" href=\"https:\/\/blogs.futura-sciences.com\/barrau\/videos\/\" \/>\n<meta property=\"og:locale\" content=\"fr_FR\" \/>\n<meta property=\"og:type\" content=\"article\" \/>\n<meta property=\"og:title\" content=\"Vid\u00e9os de A. Barrau - COSMOGONIES, le blog d&#039;Aur\u00e9lien BARRAU, astrophysicien\" \/>\n<meta property=\"og:description\" content=\"Il y a des vid\u00e9os de vulgarisation (et quelques cours et conf\u00e9rences) ici : Cha\u00eene Youtube A. Barrau\" \/>\n<meta property=\"og:url\" content=\"https:\/\/blogs.futura-sciences.com\/barrau\/videos\/\" \/>\n<meta property=\"og:site_name\" content=\"COSMOGONIES, le blog d&#039;Aur\u00e9lien BARRAU, astrophysicien\" \/>\n<meta property=\"article:modified_time\" content=\"2018-02-06T10:26:10+00:00\" \/>\n<meta name=\"twitter:card\" content=\"summary_large_image\" \/>\n<script type=\"application\/ld+json\" class=\"yoast-schema-graph\">{\"@context\":\"https:\/\/schema.org\",\"@graph\":[{\"@type\":\"WebPage\",\"@id\":\"https:\/\/blogs.futura-sciences.com\/barrau\/videos\/\",\"url\":\"https:\/\/blogs.futura-sciences.com\/barrau\/videos\/\",\"name\":\"Vid\u00e9os de A. Barrau - COSMOGONIES, le blog d&#039;Aur\u00e9lien BARRAU, astrophysicien\",\"isPartOf\":{\"@id\":\"https:\/\/blogs.futura-sciences.com\/barrau\/#website\"},\"datePublished\":\"2016-05-08T08:40:48+00:00\",\"dateModified\":\"2018-02-06T10:26:10+00:00\",\"inLanguage\":\"fr-FR\",\"potentialAction\":[{\"@type\":\"ReadAction\",\"target\":[\"https:\/\/blogs.futura-sciences.com\/barrau\/videos\/\"]}]},{\"@type\":\"WebSite\",\"@id\":\"https:\/\/blogs.futura-sciences.com\/barrau\/#website\",\"url\":\"https:\/\/blogs.futura-sciences.com\/barrau\/\",\"name\":\"COSMOGONIES, le blog d&#039;Aur\u00e9lien BARRAU, astrophysicien\",\"description\":\"\u00ab Et le centre \u00e9tait une mo\u00adsa\u00efque d&#039;\u00e9clats, une esp\u00e8ce de dur marteau cosmique, d&#039;une lourdeur d\u00e9figu\u00adr\u00e9e, et qui retombait sans cesse comme un front dans l&#039;espace, mais avec un bruit comme distill\u00e9. Et l&#039;enveloppement cotonneux du bruit avait l&#039;instance obtuse et la p\u00e9n\u00e9tration d&#039;un regard vivant. \u00bb Antonin Artaud\",\"potentialAction\":[{\"@type\":\"SearchAction\",\"target\":{\"@type\":\"EntryPoint\",\"urlTemplate\":\"https:\/\/blogs.futura-sciences.com\/barrau\/?s={search_term_string}\"},\"query-input\":{\"@type\":\"PropertyValueSpecification\",\"valueRequired\":true,\"valueName\":\"search_term_string\"}}],\"inLanguage\":\"fr-FR\"}]}<\/script>\n<!-- \/ Yoast SEO plugin. -->","yoast_head_json":{"title":"Vid\u00e9os de A. Barrau - COSMOGONIES, le blog d&#039;Aur\u00e9lien BARRAU, astrophysicien","robots":{"index":"index","follow":"follow","max-snippet":"max-snippet:-1","max-image-preview":"max-image-preview:large","max-video-preview":"max-video-preview:-1"},"canonical":"https:\/\/blogs.futura-sciences.com\/barrau\/videos\/","og_locale":"fr_FR","og_type":"article","og_title":"Vid\u00e9os de A. Barrau - COSMOGONIES, le blog d&#039;Aur\u00e9lien BARRAU, astrophysicien","og_description":"Il y a des vid\u00e9os de vulgarisation (et quelques cours et conf\u00e9rences) ici : Cha\u00eene Youtube A. Barrau","og_url":"https:\/\/blogs.futura-sciences.com\/barrau\/videos\/","og_site_name":"COSMOGONIES, le blog d&#039;Aur\u00e9lien BARRAU, astrophysicien","article_modified_time":"2018-02-06T10:26:10+00:00","twitter_card":"summary_large_image","schema":{"@context":"https:\/\/schema.org","@graph":[{"@type":"WebPage","@id":"https:\/\/blogs.futura-sciences.com\/barrau\/videos\/","url":"https:\/\/blogs.futura-sciences.com\/barrau\/videos\/","name":"Vid\u00e9os de A. Barrau - COSMOGONIES, le blog d&#039;Aur\u00e9lien BARRAU, astrophysicien","isPartOf":{"@id":"https:\/\/blogs.futura-sciences.com\/barrau\/#website"},"datePublished":"2016-05-08T08:40:48+00:00","dateModified":"2018-02-06T10:26:10+00:00","inLanguage":"fr-FR","potentialAction":[{"@type":"ReadAction","target":["https:\/\/blogs.futura-sciences.com\/barrau\/videos\/"]}]},{"@type":"WebSite","@id":"https:\/\/blogs.futura-sciences.com\/barrau\/#website","url":"https:\/\/blogs.futura-sciences.com\/barrau\/","name":"COSMOGONIES, le blog d&#039;Aur\u00e9lien BARRAU, astrophysicien","description":"\u00ab Et le centre \u00e9tait une mo\u00adsa\u00efque d&#039;\u00e9clats, une esp\u00e8ce de dur marteau cosmique, d&#039;une lourdeur d\u00e9figu\u00adr\u00e9e, et qui retombait sans cesse comme un front dans l&#039;espace, mais avec un bruit comme distill\u00e9. Et l&#039;enveloppement cotonneux du bruit avait l&#039;instance obtuse et la p\u00e9n\u00e9tration d&#039;un regard vivant. \u00bb Antonin Artaud","potentialAction":[{"@type":"SearchAction","target":{"@type":"EntryPoint","urlTemplate":"https:\/\/blogs.futura-sciences.com\/barrau\/?s={search_term_string}"},"query-input":{"@type":"PropertyValueSpecification","valueRequired":true,"valueName":"search_term_string"}}],"inLanguage":"fr-FR"}]}},"_links":{"self":[{"href":"https:\/\/blogs.futura-sciences.com\/barrau\/wp-json\/wp\/v2\/pages\/571","targetHints":{"allow":["GET"]}}],"collection":[{"href":"https:\/\/blogs.futura-sciences.com\/barrau\/wp-json\/wp\/v2\/pages"}],"about":[{"href":"https:\/\/blogs.futura-sciences.com\/barrau\/wp-json\/wp\/v2\/types\/page"}],"author":[{"embeddable":true,"href":"https:\/\/blogs.futura-sciences.com\/barrau\/wp-json\/wp\/v2\/users\/10"}],"replies":[{"embeddable":true,"href":"https:\/\/blogs.futura-sciences.com\/barrau\/wp-json\/wp\/v2\/comments?post=571"}],"version-history":[{"count":17,"href":"https:\/\/blogs.futura-sciences.com\/barrau\/wp-json\/wp\/v2\/pages\/571\/revisions"}],"predecessor-version":[{"id":954,"href":"https:\/\/blogs.futura-sciences.com\/barrau\/wp-json\/wp\/v2\/pages\/571\/revisions\/954"}],"wp:attachment":[{"href":"https:\/\/blogs.futura-sciences.com\/barrau\/wp-json\/wp\/v2\/media?parent=571"}],"curies":[{"name":"wp","href":"https:\/\/api.w.org\/{rel}","templated":true}]}}