{"id":28,"date":"2013-12-13T10:17:48","date_gmt":"2013-12-13T10:17:48","guid":{"rendered":"http:\/\/blogs.futura-sciences.comdemo\/?page_id=28"},"modified":"2023-06-27T18:46:42","modified_gmt":"2023-06-27T16:46:42","slug":"pourquoi-ce-blog","status":"publish","type":"page","link":"https:\/\/blogs.futura-sciences.com\/barrau\/pourquoi-ce-blog\/","title":{"rendered":"Pourquoi ce blog ?"},"content":{"rendered":"<p>Dans une volont\u00e9 de d\u00e9sengagement num\u00e9rique, j&#8217;ai ferm\u00e9 tous les r\u00e9seaux sociaux depuis plusieurs ann\u00e9es. J&#8217;invite chacun \u00e0 faire de m\u00eame. Et je n&#8217;alimente presque plus ce blog.<br \/>\nAur\u00e9lien Barrau.<\/p>\n<!-- AddThis Advanced Settings generic via filter on the_content --><!-- AddThis Share Buttons generic via filter on the_content -->","protected":false},"excerpt":{"rendered":"<p>Dans une volont\u00e9 de d\u00e9sengagement num\u00e9rique, j&#8217;ai ferm\u00e9 tous les r\u00e9seaux sociaux depuis plusieurs ann\u00e9es. J&#8217;invite chacun \u00e0 faire de m\u00eame. Et je n&#8217;alimente presque plus ce blog. Aur\u00e9lien Barrau.<!-- AddThis Advanced Settings generic via filter on get_the_excerpt --><!-- AddThis Share Buttons generic via filter on get_the_excerpt --><\/p>\n","protected":false},"author":1,"featured_media":0,"parent":0,"menu_order":0,"comment_status":"open","ping_status":"open","template":"","meta":{"footnotes":"","_links_to":"","_links_to_target":""},"class_list":["post-28","page","type-page","status-publish","hentry"],"yoast_head":"<!-- This site is optimized with the Yoast SEO plugin v24.1 - https:\/\/yoast.com\/wordpress\/plugins\/seo\/ -->\n<title>Pourquoi ce blog ? - COSMOGONIES, le blog d&#039;Aur\u00e9lien BARRAU, astrophysicien<\/title>\n<meta name=\"robots\" content=\"index, follow, max-snippet:-1, max-image-preview:large, max-video-preview:-1\" \/>\n<link rel=\"canonical\" href=\"https:\/\/blogs.futura-sciences.com\/barrau\/pourquoi-ce-blog\/\" \/>\n<meta property=\"og:locale\" content=\"fr_FR\" \/>\n<meta property=\"og:type\" content=\"article\" \/>\n<meta property=\"og:title\" content=\"Pourquoi ce blog ? - COSMOGONIES, le blog d&#039;Aur\u00e9lien BARRAU, astrophysicien\" \/>\n<meta property=\"og:description\" content=\"Dans une volont\u00e9 de d\u00e9sengagement num\u00e9rique, j&#8217;ai ferm\u00e9 tous les r\u00e9seaux sociaux depuis plusieurs ann\u00e9es. J&#8217;invite chacun \u00e0 faire de m\u00eame. Et je n&#8217;alimente presque plus ce blog. Aur\u00e9lien Barrau.\" \/>\n<meta property=\"og:url\" content=\"https:\/\/blogs.futura-sciences.com\/barrau\/pourquoi-ce-blog\/\" \/>\n<meta property=\"og:site_name\" content=\"COSMOGONIES, le blog d&#039;Aur\u00e9lien BARRAU, astrophysicien\" \/>\n<meta property=\"article:modified_time\" content=\"2023-06-27T16:46:42+00:00\" \/>\n<meta name=\"twitter:card\" content=\"summary_large_image\" \/>\n<script type=\"application\/ld+json\" class=\"yoast-schema-graph\">{\"@context\":\"https:\/\/schema.org\",\"@graph\":[{\"@type\":\"WebPage\",\"@id\":\"https:\/\/blogs.futura-sciences.com\/barrau\/pourquoi-ce-blog\/\",\"url\":\"https:\/\/blogs.futura-sciences.com\/barrau\/pourquoi-ce-blog\/\",\"name\":\"Pourquoi ce blog ? - COSMOGONIES, le blog d&#039;Aur\u00e9lien BARRAU, astrophysicien\",\"isPartOf\":{\"@id\":\"https:\/\/blogs.futura-sciences.com\/barrau\/#website\"},\"datePublished\":\"2013-12-13T10:17:48+00:00\",\"dateModified\":\"2023-06-27T16:46:42+00:00\",\"inLanguage\":\"fr-FR\",\"potentialAction\":[{\"@type\":\"ReadAction\",\"target\":[\"https:\/\/blogs.futura-sciences.com\/barrau\/pourquoi-ce-blog\/\"]}]},{\"@type\":\"WebSite\",\"@id\":\"https:\/\/blogs.futura-sciences.com\/barrau\/#website\",\"url\":\"https:\/\/blogs.futura-sciences.com\/barrau\/\",\"name\":\"COSMOGONIES, le blog d&#039;Aur\u00e9lien BARRAU, astrophysicien\",\"description\":\"\u00ab Et le centre \u00e9tait une mo\u00adsa\u00efque d&#039;\u00e9clats, une esp\u00e8ce de dur marteau cosmique, d&#039;une lourdeur d\u00e9figu\u00adr\u00e9e, et qui retombait sans cesse comme un front dans l&#039;espace, mais avec un bruit comme distill\u00e9. Et l&#039;enveloppement cotonneux du bruit avait l&#039;instance obtuse et la p\u00e9n\u00e9tration d&#039;un regard vivant. \u00bb Antonin Artaud\",\"potentialAction\":[{\"@type\":\"SearchAction\",\"target\":{\"@type\":\"EntryPoint\",\"urlTemplate\":\"https:\/\/blogs.futura-sciences.com\/barrau\/?s={search_term_string}\"},\"query-input\":{\"@type\":\"PropertyValueSpecification\",\"valueRequired\":true,\"valueName\":\"search_term_string\"}}],\"inLanguage\":\"fr-FR\"}]}<\/script>\n<!-- \/ Yoast SEO plugin. -->","yoast_head_json":{"title":"Pourquoi ce blog ? - COSMOGONIES, le blog d&#039;Aur\u00e9lien BARRAU, astrophysicien","robots":{"index":"index","follow":"follow","max-snippet":"max-snippet:-1","max-image-preview":"max-image-preview:large","max-video-preview":"max-video-preview:-1"},"canonical":"https:\/\/blogs.futura-sciences.com\/barrau\/pourquoi-ce-blog\/","og_locale":"fr_FR","og_type":"article","og_title":"Pourquoi ce blog ? - COSMOGONIES, le blog d&#039;Aur\u00e9lien BARRAU, astrophysicien","og_description":"Dans une volont\u00e9 de d\u00e9sengagement num\u00e9rique, j&#8217;ai ferm\u00e9 tous les r\u00e9seaux sociaux depuis plusieurs ann\u00e9es. J&#8217;invite chacun \u00e0 faire de m\u00eame. Et je n&#8217;alimente presque plus ce blog. Aur\u00e9lien Barrau.","og_url":"https:\/\/blogs.futura-sciences.com\/barrau\/pourquoi-ce-blog\/","og_site_name":"COSMOGONIES, le blog d&#039;Aur\u00e9lien BARRAU, astrophysicien","article_modified_time":"2023-06-27T16:46:42+00:00","twitter_card":"summary_large_image","schema":{"@context":"https:\/\/schema.org","@graph":[{"@type":"WebPage","@id":"https:\/\/blogs.futura-sciences.com\/barrau\/pourquoi-ce-blog\/","url":"https:\/\/blogs.futura-sciences.com\/barrau\/pourquoi-ce-blog\/","name":"Pourquoi ce blog ? - COSMOGONIES, le blog d&#039;Aur\u00e9lien BARRAU, astrophysicien","isPartOf":{"@id":"https:\/\/blogs.futura-sciences.com\/barrau\/#website"},"datePublished":"2013-12-13T10:17:48+00:00","dateModified":"2023-06-27T16:46:42+00:00","inLanguage":"fr-FR","potentialAction":[{"@type":"ReadAction","target":["https:\/\/blogs.futura-sciences.com\/barrau\/pourquoi-ce-blog\/"]}]},{"@type":"WebSite","@id":"https:\/\/blogs.futura-sciences.com\/barrau\/#website","url":"https:\/\/blogs.futura-sciences.com\/barrau\/","name":"COSMOGONIES, le blog d&#039;Aur\u00e9lien BARRAU, astrophysicien","description":"\u00ab Et le centre \u00e9tait une mo\u00adsa\u00efque d&#039;\u00e9clats, une esp\u00e8ce de dur marteau cosmique, d&#039;une lourdeur d\u00e9figu\u00adr\u00e9e, et qui retombait sans cesse comme un front dans l&#039;espace, mais avec un bruit comme distill\u00e9. Et l&#039;enveloppement cotonneux du bruit avait l&#039;instance obtuse et la p\u00e9n\u00e9tration d&#039;un regard vivant. \u00bb Antonin Artaud","potentialAction":[{"@type":"SearchAction","target":{"@type":"EntryPoint","urlTemplate":"https:\/\/blogs.futura-sciences.com\/barrau\/?s={search_term_string}"},"query-input":{"@type":"PropertyValueSpecification","valueRequired":true,"valueName":"search_term_string"}}],"inLanguage":"fr-FR"}]}},"_links":{"self":[{"href":"https:\/\/blogs.futura-sciences.com\/barrau\/wp-json\/wp\/v2\/pages\/28","targetHints":{"allow":["GET"]}}],"collection":[{"href":"https:\/\/blogs.futura-sciences.com\/barrau\/wp-json\/wp\/v2\/pages"}],"about":[{"href":"https:\/\/blogs.futura-sciences.com\/barrau\/wp-json\/wp\/v2\/types\/page"}],"author":[{"embeddable":true,"href":"https:\/\/blogs.futura-sciences.com\/barrau\/wp-json\/wp\/v2\/users\/1"}],"replies":[{"embeddable":true,"href":"https:\/\/blogs.futura-sciences.com\/barrau\/wp-json\/wp\/v2\/comments?post=28"}],"version-history":[{"count":21,"href":"https:\/\/blogs.futura-sciences.com\/barrau\/wp-json\/wp\/v2\/pages\/28\/revisions"}],"predecessor-version":[{"id":1063,"href":"https:\/\/blogs.futura-sciences.com\/barrau\/wp-json\/wp\/v2\/pages\/28\/revisions\/1063"}],"wp:attachment":[{"href":"https:\/\/blogs.futura-sciences.com\/barrau\/wp-json\/wp\/v2\/media?parent=28"}],"curies":[{"name":"wp","href":"https:\/\/api.w.org\/{rel}","templated":true}]}}