{"id":1104,"date":"2025-02-04T13:47:10","date_gmt":"2025-02-04T12:47:10","guid":{"rendered":"https:\/\/blogs.futura-sciences.com\/barrau\/?page_id=1104"},"modified":"2025-02-04T13:47:10","modified_gmt":"2025-02-04T12:47:10","slug":"meteorites-edition-augmentee","status":"publish","type":"page","link":"https:\/\/blogs.futura-sciences.com\/barrau\/meteorites-edition-augmentee\/","title":{"rendered":"M\u00e9t\u00e9orites &#8211; \u00e9dition augment\u00e9e"},"content":{"rendered":"<p>Nouvelle version, enrichie, du petit livre de po\u00e9sie.<\/p>\n<p><img loading=\"lazy\" decoding=\"async\" src=\"https:\/\/blogs.futura-sciences.com\/barrau\/wp-content\/uploads\/sites\/12\/2025\/02\/156781_couverture_Hres_0-622x1024.jpg\" alt=\"\" width=\"474\" height=\"780\" class=\"aligncenter size-large wp-image-1105\" srcset=\"https:\/\/blogs.futura-sciences.com\/barrau\/wp-content\/uploads\/sites\/12\/2025\/02\/156781_couverture_Hres_0-622x1024.jpg 622w, https:\/\/blogs.futura-sciences.com\/barrau\/wp-content\/uploads\/sites\/12\/2025\/02\/156781_couverture_Hres_0-273x450.jpg 273w, https:\/\/blogs.futura-sciences.com\/barrau\/wp-content\/uploads\/sites\/12\/2025\/02\/156781_couverture_Hres_0-768x1265.jpg 768w, https:\/\/blogs.futura-sciences.com\/barrau\/wp-content\/uploads\/sites\/12\/2025\/02\/156781_couverture_Hres_0-932x1536.jpg 932w, https:\/\/blogs.futura-sciences.com\/barrau\/wp-content\/uploads\/sites\/12\/2025\/02\/156781_couverture_Hres_0.jpg 1214w\" sizes=\"auto, (max-width: 474px) 100vw, 474px\" \/><\/p>\n<!-- AddThis Advanced Settings generic via filter on the_content --><!-- AddThis Share Buttons generic via filter on the_content -->","protected":false},"excerpt":{"rendered":"<p>Nouvelle version, enrichie, du petit livre de po\u00e9sie.<!-- AddThis Advanced Settings generic via filter on get_the_excerpt --><!-- AddThis Share Buttons generic via filter on get_the_excerpt --><\/p>\n","protected":false},"author":10,"featured_media":0,"parent":0,"menu_order":0,"comment_status":"closed","ping_status":"closed","template":"","meta":{"footnotes":"","_links_to":"","_links_to_target":""},"class_list":["post-1104","page","type-page","status-publish","hentry"],"yoast_head":"<!-- This site is optimized with the Yoast SEO plugin v24.1 - https:\/\/yoast.com\/wordpress\/plugins\/seo\/ -->\n<title>M\u00e9t\u00e9orites - \u00e9dition augment\u00e9e - COSMOGONIES, le blog d&#039;Aur\u00e9lien BARRAU, astrophysicien<\/title>\n<meta name=\"robots\" content=\"index, follow, max-snippet:-1, max-image-preview:large, max-video-preview:-1\" \/>\n<link rel=\"canonical\" href=\"https:\/\/blogs.futura-sciences.com\/barrau\/meteorites-edition-augmentee\/\" \/>\n<meta property=\"og:locale\" content=\"fr_FR\" \/>\n<meta property=\"og:type\" content=\"article\" \/>\n<meta property=\"og:title\" content=\"M\u00e9t\u00e9orites - \u00e9dition augment\u00e9e - COSMOGONIES, le blog d&#039;Aur\u00e9lien BARRAU, astrophysicien\" \/>\n<meta property=\"og:description\" content=\"Nouvelle version, enrichie, du petit livre de po\u00e9sie.\" \/>\n<meta property=\"og:url\" content=\"https:\/\/blogs.futura-sciences.com\/barrau\/meteorites-edition-augmentee\/\" \/>\n<meta property=\"og:site_name\" content=\"COSMOGONIES, le blog d&#039;Aur\u00e9lien BARRAU, astrophysicien\" \/>\n<meta property=\"og:image\" content=\"https:\/\/blogs.futura-sciences.com\/barrau\/wp-content\/uploads\/sites\/12\/2025\/02\/156781_couverture_Hres_0.jpg\" \/>\n\t<meta property=\"og:image:width\" content=\"1214\" \/>\n\t<meta property=\"og:image:height\" content=\"2000\" \/>\n\t<meta property=\"og:image:type\" content=\"image\/jpeg\" \/>\n<meta name=\"twitter:card\" content=\"summary_large_image\" \/>\n<meta name=\"twitter:label1\" content=\"Dur\u00e9e de lecture estim\u00e9e\" \/>\n\t<meta name=\"twitter:data1\" content=\"1 minute\" \/>\n<script type=\"application\/ld+json\" class=\"yoast-schema-graph\">{\"@context\":\"https:\/\/schema.org\",\"@graph\":[{\"@type\":\"WebPage\",\"@id\":\"https:\/\/blogs.futura-sciences.com\/barrau\/meteorites-edition-augmentee\/\",\"url\":\"https:\/\/blogs.futura-sciences.com\/barrau\/meteorites-edition-augmentee\/\",\"name\":\"M\u00e9t\u00e9orites - \u00e9dition augment\u00e9e - COSMOGONIES, le blog d&#039;Aur\u00e9lien BARRAU, astrophysicien\",\"isPartOf\":{\"@id\":\"https:\/\/blogs.futura-sciences.com\/barrau\/#website\"},\"primaryImageOfPage\":{\"@id\":\"https:\/\/blogs.futura-sciences.com\/barrau\/meteorites-edition-augmentee\/#primaryimage\"},\"image\":{\"@id\":\"https:\/\/blogs.futura-sciences.com\/barrau\/meteorites-edition-augmentee\/#primaryimage\"},\"thumbnailUrl\":\"https:\/\/blogs.futura-sciences.com\/barrau\/wp-content\/uploads\/sites\/12\/2025\/02\/156781_couverture_Hres_0-622x1024.jpg\",\"datePublished\":\"2025-02-04T12:47:10+00:00\",\"dateModified\":\"2025-02-04T12:47:10+00:00\",\"inLanguage\":\"fr-FR\",\"potentialAction\":[{\"@type\":\"ReadAction\",\"target\":[\"https:\/\/blogs.futura-sciences.com\/barrau\/meteorites-edition-augmentee\/\"]}]},{\"@type\":\"ImageObject\",\"inLanguage\":\"fr-FR\",\"@id\":\"https:\/\/blogs.futura-sciences.com\/barrau\/meteorites-edition-augmentee\/#primaryimage\",\"url\":\"https:\/\/blogs.futura-sciences.com\/barrau\/wp-content\/uploads\/sites\/12\/2025\/02\/156781_couverture_Hres_0.jpg\",\"contentUrl\":\"https:\/\/blogs.futura-sciences.com\/barrau\/wp-content\/uploads\/sites\/12\/2025\/02\/156781_couverture_Hres_0.jpg\",\"width\":1214,\"height\":2000},{\"@type\":\"WebSite\",\"@id\":\"https:\/\/blogs.futura-sciences.com\/barrau\/#website\",\"url\":\"https:\/\/blogs.futura-sciences.com\/barrau\/\",\"name\":\"COSMOGONIES, le blog d&#039;Aur\u00e9lien BARRAU, astrophysicien\",\"description\":\"\u00ab Et le centre \u00e9tait une mo\u00adsa\u00efque d&#039;\u00e9clats, une esp\u00e8ce de dur marteau cosmique, d&#039;une lourdeur d\u00e9figu\u00adr\u00e9e, et qui retombait sans cesse comme un front dans l&#039;espace, mais avec un bruit comme distill\u00e9. Et l&#039;enveloppement cotonneux du bruit avait l&#039;instance obtuse et la p\u00e9n\u00e9tration d&#039;un regard vivant. \u00bb Antonin Artaud\",\"potentialAction\":[{\"@type\":\"SearchAction\",\"target\":{\"@type\":\"EntryPoint\",\"urlTemplate\":\"https:\/\/blogs.futura-sciences.com\/barrau\/?s={search_term_string}\"},\"query-input\":{\"@type\":\"PropertyValueSpecification\",\"valueRequired\":true,\"valueName\":\"search_term_string\"}}],\"inLanguage\":\"fr-FR\"}]}<\/script>\n<!-- \/ Yoast SEO plugin. -->","yoast_head_json":{"title":"M\u00e9t\u00e9orites - \u00e9dition augment\u00e9e - COSMOGONIES, le blog d&#039;Aur\u00e9lien BARRAU, astrophysicien","robots":{"index":"index","follow":"follow","max-snippet":"max-snippet:-1","max-image-preview":"max-image-preview:large","max-video-preview":"max-video-preview:-1"},"canonical":"https:\/\/blogs.futura-sciences.com\/barrau\/meteorites-edition-augmentee\/","og_locale":"fr_FR","og_type":"article","og_title":"M\u00e9t\u00e9orites - \u00e9dition augment\u00e9e - COSMOGONIES, le blog d&#039;Aur\u00e9lien BARRAU, astrophysicien","og_description":"Nouvelle version, enrichie, du petit livre de po\u00e9sie.","og_url":"https:\/\/blogs.futura-sciences.com\/barrau\/meteorites-edition-augmentee\/","og_site_name":"COSMOGONIES, le blog d&#039;Aur\u00e9lien BARRAU, astrophysicien","og_image":[{"width":1214,"height":2000,"url":"https:\/\/blogs.futura-sciences.com\/barrau\/wp-content\/uploads\/sites\/12\/2025\/02\/156781_couverture_Hres_0.jpg","type":"image\/jpeg"}],"twitter_card":"summary_large_image","twitter_misc":{"Dur\u00e9e de lecture estim\u00e9e":"1 minute"},"schema":{"@context":"https:\/\/schema.org","@graph":[{"@type":"WebPage","@id":"https:\/\/blogs.futura-sciences.com\/barrau\/meteorites-edition-augmentee\/","url":"https:\/\/blogs.futura-sciences.com\/barrau\/meteorites-edition-augmentee\/","name":"M\u00e9t\u00e9orites - \u00e9dition augment\u00e9e - COSMOGONIES, le blog d&#039;Aur\u00e9lien BARRAU, astrophysicien","isPartOf":{"@id":"https:\/\/blogs.futura-sciences.com\/barrau\/#website"},"primaryImageOfPage":{"@id":"https:\/\/blogs.futura-sciences.com\/barrau\/meteorites-edition-augmentee\/#primaryimage"},"image":{"@id":"https:\/\/blogs.futura-sciences.com\/barrau\/meteorites-edition-augmentee\/#primaryimage"},"thumbnailUrl":"https:\/\/blogs.futura-sciences.com\/barrau\/wp-content\/uploads\/sites\/12\/2025\/02\/156781_couverture_Hres_0-622x1024.jpg","datePublished":"2025-02-04T12:47:10+00:00","dateModified":"2025-02-04T12:47:10+00:00","inLanguage":"fr-FR","potentialAction":[{"@type":"ReadAction","target":["https:\/\/blogs.futura-sciences.com\/barrau\/meteorites-edition-augmentee\/"]}]},{"@type":"ImageObject","inLanguage":"fr-FR","@id":"https:\/\/blogs.futura-sciences.com\/barrau\/meteorites-edition-augmentee\/#primaryimage","url":"https:\/\/blogs.futura-sciences.com\/barrau\/wp-content\/uploads\/sites\/12\/2025\/02\/156781_couverture_Hres_0.jpg","contentUrl":"https:\/\/blogs.futura-sciences.com\/barrau\/wp-content\/uploads\/sites\/12\/2025\/02\/156781_couverture_Hres_0.jpg","width":1214,"height":2000},{"@type":"WebSite","@id":"https:\/\/blogs.futura-sciences.com\/barrau\/#website","url":"https:\/\/blogs.futura-sciences.com\/barrau\/","name":"COSMOGONIES, le blog d&#039;Aur\u00e9lien BARRAU, astrophysicien","description":"\u00ab Et le centre \u00e9tait une mo\u00adsa\u00efque d&#039;\u00e9clats, une esp\u00e8ce de dur marteau cosmique, d&#039;une lourdeur d\u00e9figu\u00adr\u00e9e, et qui retombait sans cesse comme un front dans l&#039;espace, mais avec un bruit comme distill\u00e9. Et l&#039;enveloppement cotonneux du bruit avait l&#039;instance obtuse et la p\u00e9n\u00e9tration d&#039;un regard vivant. \u00bb Antonin Artaud","potentialAction":[{"@type":"SearchAction","target":{"@type":"EntryPoint","urlTemplate":"https:\/\/blogs.futura-sciences.com\/barrau\/?s={search_term_string}"},"query-input":{"@type":"PropertyValueSpecification","valueRequired":true,"valueName":"search_term_string"}}],"inLanguage":"fr-FR"}]}},"_links":{"self":[{"href":"https:\/\/blogs.futura-sciences.com\/barrau\/wp-json\/wp\/v2\/pages\/1104","targetHints":{"allow":["GET"]}}],"collection":[{"href":"https:\/\/blogs.futura-sciences.com\/barrau\/wp-json\/wp\/v2\/pages"}],"about":[{"href":"https:\/\/blogs.futura-sciences.com\/barrau\/wp-json\/wp\/v2\/types\/page"}],"author":[{"embeddable":true,"href":"https:\/\/blogs.futura-sciences.com\/barrau\/wp-json\/wp\/v2\/users\/10"}],"replies":[{"embeddable":true,"href":"https:\/\/blogs.futura-sciences.com\/barrau\/wp-json\/wp\/v2\/comments?post=1104"}],"version-history":[{"count":1,"href":"https:\/\/blogs.futura-sciences.com\/barrau\/wp-json\/wp\/v2\/pages\/1104\/revisions"}],"predecessor-version":[{"id":1106,"href":"https:\/\/blogs.futura-sciences.com\/barrau\/wp-json\/wp\/v2\/pages\/1104\/revisions\/1106"}],"wp:attachment":[{"href":"https:\/\/blogs.futura-sciences.com\/barrau\/wp-json\/wp\/v2\/media?parent=1104"}],"curies":[{"name":"wp","href":"https:\/\/api.w.org\/{rel}","templated":true}]}}