{"id":5,"date":"2013-12-13T15:06:36","date_gmt":"2013-12-13T15:06:36","guid":{"rendered":"https:\/\/blogs.futura-sciences.com\/bardintzeff\/?page_id=5"},"modified":"2015-03-23T16:29:13","modified_gmt":"2015-03-23T16:29:13","slug":"qui-suis-je","status":"publish","type":"page","link":"https:\/\/blogs.futura-sciences.com\/bardintzeff\/qui-suis-je\/","title":{"rendered":"Qui suis-je ?"},"content":{"rendered":"<p>J\u2019aime la Terre depuis toujours ! Les roches, les min\u00e9raux, les fossiles, les dinosaures, la g\u00e9ologie et donc\u2026 les volcans. Aujourd\u2019hui je suis volcanologue et professeur des universit\u00e9s et j\u2019ai la chance d\u2019apprendre chaque jour.<\/p>\n<p><a href=\"https:\/\/blogs.futura-sciences.com\/bardintzeff\/wp-content\/uploads\/sites\/3\/2013\/12\/Bardintzeff.ETH-131.VH_.jpg\" rel=\"lightbox[5]\"><img loading=\"lazy\" decoding=\"async\" class=\"aligncenter size-medium wp-image-14\" src=\"https:\/\/blogs.futura-sciences.com\/bardintzeff\/wp-content\/uploads\/sites\/3\/2013\/12\/Bardintzeff.ETH-131.VH_-300x256.jpg\" alt=\"Bardintzeff.ETH 131.VH\" width=\"300\" height=\"256\" srcset=\"https:\/\/blogs.futura-sciences.com\/bardintzeff\/wp-content\/uploads\/sites\/3\/2013\/12\/Bardintzeff.ETH-131.VH_-300x256.jpg 300w, https:\/\/blogs.futura-sciences.com\/bardintzeff\/wp-content\/uploads\/sites\/3\/2013\/12\/Bardintzeff.ETH-131.VH_-1024x874.jpg 1024w, https:\/\/blogs.futura-sciences.com\/bardintzeff\/wp-content\/uploads\/sites\/3\/2013\/12\/Bardintzeff.ETH-131.VH_.jpg 1134w\" sizes=\"auto, (max-width: 300px) 100vw, 300px\" \/><\/a><\/p>\n<p>J\u2019ai fait des \u00e9tudes scientifiques, en classes pr\u00e9paratoires BCPST au Lyc\u00e9e du Parc \u00e0 Lyon (1971-1973) puis \u00e0 l\u2019\u00c9cole Normale Sup\u00e9rieure de Saint-Cloud (transf\u00e9r\u00e9e depuis \u00e0 Lyon) (1973-1977). J\u2019y ai pass\u00e9 l\u2019Agr\u00e9gation des Sciences de la Terre. Ma th\u00e8se de 3e cycle (1981) a port\u00e9 sur la g\u00e9ologie du soubassement volcanique de l\u2019atoll de Mururoa en Polyn\u00e9sie fran\u00e7aise. Puis ma th\u00e8se d\u2019\u00c9tat (1985) a \u00e9t\u00e9 consacr\u00e9e aux nu\u00e9es ardentes, un risque volcanique majeur. Aujourd\u2019hui je suis volcanologue et professeur des universit\u00e9s. J\u2019enseigne \u00e0 l\u2019Universit\u00e9 de Cergy-Pontoise et \u00e0 l\u2019Universit\u00e9 Paris-Sud Orsay. Je suis attach\u00e9 au CNRS.<\/p>\n<p>J\u2019ai la chance d\u2019apprendre chaque jour !<\/p>\n<p>J\u2019ai visit\u00e9 la plupart des r\u00e9gions volcaniques du Globe : ma premi\u00e8re mission scientifique, en 1978, m\u2019a conduit au Guatemala\u2026 puis ce fut l\u2019Indon\u00e9sie, les Antilles, Hawaii, la Papouasie-Nouvelle-Guin\u00e9e\u2026 un tour du monde, de coul\u00e9es de lave en crat\u00e8res fumants. Mon travail de recherche consiste \u00e0 comprendre le cheminement du magma depuis sa formation en profondeur jusqu\u2019\u00e0 son arriv\u00e9e en surface, \u00e9ruptive ! J\u2019\u00e9tudie la composition chimique des roches volcaniques et des min\u00e9raux qu\u2019elles contiennent (ce qu\u2019on appelle la p\u00e9trologie). Je m\u2019int\u00e9resse aux volcans actifs et \u00e0 leur type d\u2019\u00e9ruption (dynamisme \u00e9ruptif) mais aussi \u00e0 l\u2019histoire des volcans plus anciens. Plus r\u00e9cemment, en collaboration avec des plan\u00e9tologues et des astrophysiciens, nous avons commenc\u00e9 \u00e0 comparer les volcans de la plan\u00e8te Mars avec ceux d\u2019Islande.<\/p>\n<p>Je collabore avec des chercheurs de nombreux pays (Bulgarie, Cameroun, Madagascar, Br\u00e9sil, Turquie, Iran, etc.).<\/p>\n<p>Je publie mes r\u00e9sultats dans des revues scientifiques, la plupart en anglais.<\/p>\n<p>J\u2019aime transmettre ma passion \u00e0 travers mes cours, mes conf\u00e9rences (plus de 450). J\u2019ai \u00e9crit une vingtaine de livres qui s\u2019adressent, selon les cas, aux enfants, aux jeunes, au grand public, aux passionn\u00e9s, aux \u00e9tudiants.<\/p>\n<p>J\u2019ai particip\u00e9 \u00e0 plus de 400 \u00e9missions de radio ou de t\u00e9l\u00e9vision, notamment avec Nicolas Hulot et Yann Arthus-Bertrand.<\/p>\n<!-- AddThis Advanced Settings generic via filter on the_content --><!-- AddThis Share Buttons generic via filter on the_content -->","protected":false},"excerpt":{"rendered":"<p>J\u2019aime la Terre depuis toujours ! Les roches, les min\u00e9raux, les fossiles, les dinosaures, la g\u00e9ologie et donc\u2026 les volcans. Aujourd\u2019hui je suis volcanologue et professeur des universit\u00e9s et j\u2019ai la chance d\u2019apprendre chaque jour. J\u2019ai fait des \u00e9tudes scientifiques, en classes pr\u00e9paratoires BCPST au Lyc\u00e9e du Parc \u00e0 Lyon (1971-1973) puis \u00e0 l\u2019\u00c9cole Normale &hellip; <a href=\"https:\/\/blogs.futura-sciences.com\/bardintzeff\/qui-suis-je\/\" class=\"more-link\">Continuer la lecture de <span class=\"screen-reader-text\">Qui suis-je ?<\/span>  <span class=\"meta-nav\">&rarr;<\/span><\/a><!-- AddThis Advanced Settings generic via filter on get_the_excerpt --><!-- AddThis Share Buttons generic via filter on get_the_excerpt --><\/p>\n","protected":false},"author":1,"featured_media":0,"parent":0,"menu_order":0,"comment_status":"open","ping_status":"open","template":"","meta":{"footnotes":"","_links_to":"","_links_to_target":""},"class_list":["post-5","page","type-page","status-publish","hentry"],"yoast_head":"<!-- This site is optimized with the Yoast SEO plugin v24.1 - https:\/\/yoast.com\/wordpress\/plugins\/seo\/ -->\n<title>Qui suis-je ? - VOLCANMANIA : le blog de Jacques-Marie BARDINTZEFF, volcanologue<\/title>\n<meta name=\"robots\" content=\"index, follow, max-snippet:-1, max-image-preview:large, max-video-preview:-1\" \/>\n<link rel=\"canonical\" href=\"https:\/\/blogs.futura-sciences.com\/bardintzeff\/qui-suis-je\/\" \/>\n<meta property=\"og:locale\" content=\"fr_FR\" \/>\n<meta property=\"og:type\" content=\"article\" \/>\n<meta property=\"og:title\" content=\"Qui suis-je ? - VOLCANMANIA : le blog de Jacques-Marie BARDINTZEFF, volcanologue\" \/>\n<meta property=\"og:description\" content=\"J\u2019aime la Terre depuis toujours ! Les roches, les min\u00e9raux, les fossiles, les dinosaures, la g\u00e9ologie et donc\u2026 les volcans. Aujourd\u2019hui je suis volcanologue et professeur des universit\u00e9s et j\u2019ai la chance d\u2019apprendre chaque jour. J\u2019ai fait des \u00e9tudes scientifiques, en classes pr\u00e9paratoires BCPST au Lyc\u00e9e du Parc \u00e0 Lyon (1971-1973) puis \u00e0 l\u2019\u00c9cole Normale &hellip; Continuer la lecture de Qui suis-je ? &rarr;\" \/>\n<meta property=\"og:url\" content=\"https:\/\/blogs.futura-sciences.com\/bardintzeff\/qui-suis-je\/\" \/>\n<meta property=\"og:site_name\" content=\"VOLCANMANIA : le blog de Jacques-Marie BARDINTZEFF, volcanologue\" \/>\n<meta property=\"article:modified_time\" content=\"2015-03-23T16:29:13+00:00\" \/>\n<meta property=\"og:image\" content=\"https:\/\/blogs.futura-sciences.com\/bardintzeff\/wp-content\/uploads\/sites\/3\/2013\/12\/Bardintzeff.ETH-131.VH_.jpg\" \/>\n\t<meta property=\"og:image:width\" content=\"1134\" \/>\n\t<meta property=\"og:image:height\" content=\"968\" \/>\n\t<meta property=\"og:image:type\" content=\"image\/jpeg\" \/>\n<meta name=\"twitter:card\" content=\"summary_large_image\" \/>\n<meta name=\"twitter:label1\" content=\"Dur\u00e9e de lecture estim\u00e9e\" \/>\n\t<meta name=\"twitter:data1\" content=\"2 minutes\" \/>\n<script type=\"application\/ld+json\" class=\"yoast-schema-graph\">{\"@context\":\"https:\/\/schema.org\",\"@graph\":[{\"@type\":\"WebPage\",\"@id\":\"https:\/\/blogs.futura-sciences.com\/bardintzeff\/qui-suis-je\/\",\"url\":\"https:\/\/blogs.futura-sciences.com\/bardintzeff\/qui-suis-je\/\",\"name\":\"Qui suis-je ? - VOLCANMANIA : le blog de Jacques-Marie BARDINTZEFF, volcanologue\",\"isPartOf\":{\"@id\":\"https:\/\/blogs.futura-sciences.com\/bardintzeff\/#website\"},\"primaryImageOfPage\":{\"@id\":\"https:\/\/blogs.futura-sciences.com\/bardintzeff\/qui-suis-je\/#primaryimage\"},\"image\":{\"@id\":\"https:\/\/blogs.futura-sciences.com\/bardintzeff\/qui-suis-je\/#primaryimage\"},\"thumbnailUrl\":\"https:\/\/blogs.futura-sciences.com\/bardintzeff\/wp-content\/uploads\/sites\/3\/2013\/12\/Bardintzeff.ETH-131.VH_-300x256.jpg\",\"datePublished\":\"2013-12-13T15:06:36+00:00\",\"dateModified\":\"2015-03-23T16:29:13+00:00\",\"inLanguage\":\"fr-FR\",\"potentialAction\":[{\"@type\":\"ReadAction\",\"target\":[\"https:\/\/blogs.futura-sciences.com\/bardintzeff\/qui-suis-je\/\"]}]},{\"@type\":\"ImageObject\",\"inLanguage\":\"fr-FR\",\"@id\":\"https:\/\/blogs.futura-sciences.com\/bardintzeff\/qui-suis-je\/#primaryimage\",\"url\":\"https:\/\/blogs.futura-sciences.com\/bardintzeff\/wp-content\/uploads\/sites\/3\/2013\/12\/Bardintzeff.ETH-131.VH_.jpg\",\"contentUrl\":\"https:\/\/blogs.futura-sciences.com\/bardintzeff\/wp-content\/uploads\/sites\/3\/2013\/12\/Bardintzeff.ETH-131.VH_.jpg\",\"width\":1134,\"height\":968},{\"@type\":\"WebSite\",\"@id\":\"https:\/\/blogs.futura-sciences.com\/bardintzeff\/#website\",\"url\":\"https:\/\/blogs.futura-sciences.com\/bardintzeff\/\",\"name\":\"VOLCANMANIA : le blog de Jacques-Marie BARDINTZEFF, volcanologue\",\"description\":\"Les volcans ? Passionn\u00e9ment ! Les volcans ne sont pas toujours m\u00e9chants, ils sont aussi les t\u00e9moins de la Terre active !\",\"potentialAction\":[{\"@type\":\"SearchAction\",\"target\":{\"@type\":\"EntryPoint\",\"urlTemplate\":\"https:\/\/blogs.futura-sciences.com\/bardintzeff\/?s={search_term_string}\"},\"query-input\":{\"@type\":\"PropertyValueSpecification\",\"valueRequired\":true,\"valueName\":\"search_term_string\"}}],\"inLanguage\":\"fr-FR\"}]}<\/script>\n<!-- \/ Yoast SEO plugin. -->","yoast_head_json":{"title":"Qui suis-je ? - VOLCANMANIA : le blog de Jacques-Marie BARDINTZEFF, volcanologue","robots":{"index":"index","follow":"follow","max-snippet":"max-snippet:-1","max-image-preview":"max-image-preview:large","max-video-preview":"max-video-preview:-1"},"canonical":"https:\/\/blogs.futura-sciences.com\/bardintzeff\/qui-suis-je\/","og_locale":"fr_FR","og_type":"article","og_title":"Qui suis-je ? - VOLCANMANIA : le blog de Jacques-Marie BARDINTZEFF, volcanologue","og_description":"J\u2019aime la Terre depuis toujours ! Les roches, les min\u00e9raux, les fossiles, les dinosaures, la g\u00e9ologie et donc\u2026 les volcans. Aujourd\u2019hui je suis volcanologue et professeur des universit\u00e9s et j\u2019ai la chance d\u2019apprendre chaque jour. J\u2019ai fait des \u00e9tudes scientifiques, en classes pr\u00e9paratoires BCPST au Lyc\u00e9e du Parc \u00e0 Lyon (1971-1973) puis \u00e0 l\u2019\u00c9cole Normale &hellip; Continuer la lecture de Qui suis-je ? &rarr;","og_url":"https:\/\/blogs.futura-sciences.com\/bardintzeff\/qui-suis-je\/","og_site_name":"VOLCANMANIA : le blog de Jacques-Marie BARDINTZEFF, volcanologue","article_modified_time":"2015-03-23T16:29:13+00:00","og_image":[{"width":1134,"height":968,"url":"https:\/\/blogs.futura-sciences.com\/bardintzeff\/wp-content\/uploads\/sites\/3\/2013\/12\/Bardintzeff.ETH-131.VH_.jpg","type":"image\/jpeg"}],"twitter_card":"summary_large_image","twitter_misc":{"Dur\u00e9e de lecture estim\u00e9e":"2 minutes"},"schema":{"@context":"https:\/\/schema.org","@graph":[{"@type":"WebPage","@id":"https:\/\/blogs.futura-sciences.com\/bardintzeff\/qui-suis-je\/","url":"https:\/\/blogs.futura-sciences.com\/bardintzeff\/qui-suis-je\/","name":"Qui suis-je ? - VOLCANMANIA : le blog de Jacques-Marie BARDINTZEFF, volcanologue","isPartOf":{"@id":"https:\/\/blogs.futura-sciences.com\/bardintzeff\/#website"},"primaryImageOfPage":{"@id":"https:\/\/blogs.futura-sciences.com\/bardintzeff\/qui-suis-je\/#primaryimage"},"image":{"@id":"https:\/\/blogs.futura-sciences.com\/bardintzeff\/qui-suis-je\/#primaryimage"},"thumbnailUrl":"https:\/\/blogs.futura-sciences.com\/bardintzeff\/wp-content\/uploads\/sites\/3\/2013\/12\/Bardintzeff.ETH-131.VH_-300x256.jpg","datePublished":"2013-12-13T15:06:36+00:00","dateModified":"2015-03-23T16:29:13+00:00","inLanguage":"fr-FR","potentialAction":[{"@type":"ReadAction","target":["https:\/\/blogs.futura-sciences.com\/bardintzeff\/qui-suis-je\/"]}]},{"@type":"ImageObject","inLanguage":"fr-FR","@id":"https:\/\/blogs.futura-sciences.com\/bardintzeff\/qui-suis-je\/#primaryimage","url":"https:\/\/blogs.futura-sciences.com\/bardintzeff\/wp-content\/uploads\/sites\/3\/2013\/12\/Bardintzeff.ETH-131.VH_.jpg","contentUrl":"https:\/\/blogs.futura-sciences.com\/bardintzeff\/wp-content\/uploads\/sites\/3\/2013\/12\/Bardintzeff.ETH-131.VH_.jpg","width":1134,"height":968},{"@type":"WebSite","@id":"https:\/\/blogs.futura-sciences.com\/bardintzeff\/#website","url":"https:\/\/blogs.futura-sciences.com\/bardintzeff\/","name":"VOLCANMANIA : le blog de Jacques-Marie BARDINTZEFF, volcanologue","description":"Les volcans ? Passionn\u00e9ment ! Les volcans ne sont pas toujours m\u00e9chants, ils sont aussi les t\u00e9moins de la Terre active !","potentialAction":[{"@type":"SearchAction","target":{"@type":"EntryPoint","urlTemplate":"https:\/\/blogs.futura-sciences.com\/bardintzeff\/?s={search_term_string}"},"query-input":{"@type":"PropertyValueSpecification","valueRequired":true,"valueName":"search_term_string"}}],"inLanguage":"fr-FR"}]}},"_links":{"self":[{"href":"https:\/\/blogs.futura-sciences.com\/bardintzeff\/wp-json\/wp\/v2\/pages\/5","targetHints":{"allow":["GET"]}}],"collection":[{"href":"https:\/\/blogs.futura-sciences.com\/bardintzeff\/wp-json\/wp\/v2\/pages"}],"about":[{"href":"https:\/\/blogs.futura-sciences.com\/bardintzeff\/wp-json\/wp\/v2\/types\/page"}],"author":[{"embeddable":true,"href":"https:\/\/blogs.futura-sciences.com\/bardintzeff\/wp-json\/wp\/v2\/users\/1"}],"replies":[{"embeddable":true,"href":"https:\/\/blogs.futura-sciences.com\/bardintzeff\/wp-json\/wp\/v2\/comments?post=5"}],"version-history":[{"count":6,"href":"https:\/\/blogs.futura-sciences.com\/bardintzeff\/wp-json\/wp\/v2\/pages\/5\/revisions"}],"predecessor-version":[{"id":563,"href":"https:\/\/blogs.futura-sciences.com\/bardintzeff\/wp-json\/wp\/v2\/pages\/5\/revisions\/563"}],"wp:attachment":[{"href":"https:\/\/blogs.futura-sciences.com\/bardintzeff\/wp-json\/wp\/v2\/media?parent=5"}],"curies":[{"name":"wp","href":"https:\/\/api.w.org\/{rel}","templated":true}]}}